{"id":823,"date":"2024-04-08T09:49:03","date_gmt":"2024-04-08T15:49:03","guid":{"rendered":"https:\/\/disenistico.com\/?post_type=product&#038;p=823"},"modified":"2026-03-17T22:52:35","modified_gmt":"2026-03-18T04:52:35","slug":"mueble-adela","status":"publish","type":"product","link":"https:\/\/disenistico.com\/en\/product\/mueble-adela\/","title":{"rendered":"Adela Furniture"},"content":{"rendered":"<p>Buffet-style furniture or for televisions up to 55 inches.<\/p>\n<p>&nbsp;<\/p>\n<p><strong>Width:<\/strong> 120cm<\/p>\n<p><strong>Height:<\/strong> 78cm<\/p>\n<p><strong>Depth:<\/strong> 30cm<\/p>\n<p>&nbsp;<\/p>\n<p><strong>Color:<\/strong> blanco y en otras opciones de color\u00a0seg\u00fan cantidad o tama\u00f1o de mueble, colores de\u00a0temporada y disponibilidad. (Debe validarse por Whatsapp).<\/p>\n<p><strong>Legs:<\/strong>\u00a0fabricadas con variedad de madera como cipr\u00e9s, pino, guanacaste o laurel seg\u00fan disponibilidad.<\/p>\n<p><strong>Modificaciones:<\/strong> si permite modificaciones, en tama\u00f1o, tipo de pata y tipo de tipo de tiradera. Las modificaciones tienen un valor adicional el cual se calcula consultando en Whatsapp:\u00a0<a href=\"https:\/\/disenistico.com\/en\/product\/682302-mesa-stef\/wa.me\/50689401602\/\" target=\"_blank\" rel=\"noopener noreferrer\">wa.me\/50689401602<\/a><\/p>\n<p>&nbsp;<\/p>\n<p><strong>\u00bfBuscas un producto para entrega inmediata?\u00a0<\/strong><\/p>\n<p>Contamos con un peque\u00f1o stock para entrega inmediata. Comun\u00edcate con nosotros para recibir m\u00e1s informaci\u00f3n y validar su disponibilidad o fecha de entrega.<\/p>\n<p>Las tarifas y formas de env\u00edo est\u00e1n determinadas por los tipos de productos solicitados y la distancia desde nuestro taller hasta el destino final. Te compartimos las opciones disponibles:<\/p>\n<p>&nbsp;<\/p>\n<p>\u2022<strong>Transporte Dise\u00f1\u00edstico:<\/strong>\u00a0Servicio de entrega hasta su ubicaci\u00f3n.<\/p>\n<p>\u2022<strong>Transporte privado:<\/strong>\u00a0El cliente contrata un servicio de transporte privado, encomienda o plataforma digital de entregas.<\/p>\n<p>\u2022<strong>Retiro Dise\u00f1\u00edstico:<\/strong>\u00a0El cliente retira su pedido en nuestro taller ubicado en San Isidro de Heredia. (Dise\u00f1\u00edstico \u2013 Dise\u00f1o de producto en Waze)<\/p>\n<p>\u2022<strong>Moovin:<\/strong>\u00a0Los art\u00edculos m\u00e1s peque\u00f1os pueden enviarse por medio de Moovin seg\u00fan sus tarifas pre-establecidas.<\/p>\n<p>&nbsp;<\/p>\n<p><strong>Tarifas de env\u00edo con\u00a0Transporte Dise\u00f1\u00edstico:\u00a0<\/strong><\/p>\n<p>\u2022<strong>Entrega de carga<\/strong>\u00a0<strong>b\u00e1sica:\u00a0<\/strong>El transportista entregar\u00e1 su pedido en la puerta.<\/p>\n<p>\u2022<strong>Entrega de carga pesada:\u00a0<\/strong>Incluye un ayudante para carga pesada o grande. El equipo de transporte entregar\u00e1 sus muebles en la direccional que se indique.<\/p>\n<p>\u2022<strong>Entrega con instalaci\u00f3n:\u00a0<\/strong>Para saber el costo del env\u00edo, a\u00f1\u00e1delo al carrito de compras y la p\u00e1gina web te ayudar\u00e1 a calcular el costo del env\u00edo.<\/p>\n<p>Para recibir una cotizaci\u00f3n con la tarifa de env\u00edo o instalaci\u00f3n de un producto comun\u00edcate con nosotras.<\/p>\n<p><strong>Instalaci\u00f3n:<\/strong>\u00a0excepto que se indique lo contrario, todos los los muebles dise\u00f1\u00edsticos se entregan armados y listos para su uso.<\/p>","protected":false},"excerpt":{"rendered":"<p>Mueble de TV de repisas, gama alta, con cuatro compartimentos abiertos y patas de madera. Dise\u00f1o ideal para salas, oficinas o estudios.<\/p>","protected":false},"featured_media":824,"template":"","meta":[],"product_brand":[],"product_cat":[65,64],"product_tag":[61],"class_list":{"0":"post-823","1":"product","2":"type-product","3":"status-publish","4":"has-post-thumbnail","6":"product_cat-bufetera","7":"product_cat-muebles-de-tele","8":"product_tag-sala","9":"product_shipping_class-entregaespacial","11":"first","12":"instock","13":"purchasable","14":"product-type-variable"},"yoast_head":"<!-- This site is optimized with the Yoast SEO plugin v26.9 - https:\/\/yoast.com\/product\/yoast-seo-wordpress\/ -->\n<title>Mueble Adela - Dise\u00f1\u00edstico<\/title>\n<meta name=\"description\" content=\"Mueble de TV de repisas, gama alta, con cuatro compartimentos abiertos y patas de madera. Dise\u00f1o ideal para salas, oficinas o estudios.\" \/>\n<meta name=\"robots\" content=\"index, follow, max-snippet:-1, max-image-preview:large, max-video-preview:-1\" \/>\n<link rel=\"canonical\" href=\"https:\/\/disenistico.com\/en\/product\/mueble-adela\/\" \/>\n<meta property=\"og:locale\" content=\"en_US\" \/>\n<meta property=\"og:type\" content=\"article\" \/>\n<meta property=\"og:title\" content=\"Mueble Adela - Dise\u00f1\u00edstico\" \/>\n<meta property=\"og:description\" content=\"Mueble de TV de repisas, gama alta, con cuatro compartimentos abiertos y patas de madera. Dise\u00f1o ideal para salas, oficinas o estudios.\" \/>\n<meta property=\"og:url\" content=\"https:\/\/disenistico.com\/en\/product\/mueble-adela\/\" \/>\n<meta property=\"og:site_name\" content=\"Dise\u00f1\u00edstico\" \/>\n<meta property=\"article:publisher\" content=\"https:\/\/www.facebook.com\/disenistico.cr\" \/>\n<meta property=\"article:modified_time\" content=\"2026-03-18T04:52:35+00:00\" \/>\n<meta property=\"og:image\" content=\"https:\/\/disenistico.com\/wp-content\/uploads\/mueble_adela1.webp\" \/>\n\t<meta property=\"og:image:width\" content=\"503\" \/>\n\t<meta property=\"og:image:height\" content=\"503\" \/>\n\t<meta property=\"og:image:type\" content=\"image\/webp\" \/>\n<meta name=\"twitter:card\" content=\"summary_large_image\" \/>\n<meta name=\"twitter:label1\" content=\"Est. reading time\" \/>\n\t<meta name=\"twitter:data1\" content=\"2 minutes\" \/>\n<script type=\"application\/ld+json\" class=\"yoast-schema-graph\">{\"@context\":\"https:\/\/schema.org\",\"@graph\":[{\"@type\":\"WebPage\",\"@id\":\"https:\/\/disenistico.com\/producto\/mueble-adela\/\",\"url\":\"https:\/\/disenistico.com\/producto\/mueble-adela\/\",\"name\":\"Mueble Adela - Dise\u00f1\u00edstico\",\"isPartOf\":{\"@id\":\"https:\/\/disenistico.com\/#website\"},\"primaryImageOfPage\":{\"@id\":\"https:\/\/disenistico.com\/producto\/mueble-adela\/#primaryimage\"},\"image\":{\"@id\":\"https:\/\/disenistico.com\/producto\/mueble-adela\/#primaryimage\"},\"thumbnailUrl\":\"https:\/\/disenistico.com\/wp-content\/uploads\/mueble_adela1.webp\",\"datePublished\":\"2024-04-08T15:49:03+00:00\",\"dateModified\":\"2026-03-18T04:52:35+00:00\",\"description\":\"Mueble de TV de repisas, gama alta, con cuatro compartimentos abiertos y patas de madera. Dise\u00f1o ideal para salas, oficinas o estudios.\",\"breadcrumb\":{\"@id\":\"https:\/\/disenistico.com\/producto\/mueble-adela\/#breadcrumb\"},\"inLanguage\":\"en-US\",\"potentialAction\":[{\"@type\":\"ReadAction\",\"target\":[\"https:\/\/disenistico.com\/producto\/mueble-adela\/\"]}]},{\"@type\":\"ImageObject\",\"inLanguage\":\"en-US\",\"@id\":\"https:\/\/disenistico.com\/producto\/mueble-adela\/#primaryimage\",\"url\":\"https:\/\/disenistico.com\/wp-content\/uploads\/mueble_adela1.webp\",\"contentUrl\":\"https:\/\/disenistico.com\/wp-content\/uploads\/mueble_adela1.webp\",\"width\":503,\"height\":503,\"caption\":\"Mueble Adela\"},{\"@type\":\"BreadcrumbList\",\"@id\":\"https:\/\/disenistico.com\/producto\/mueble-adela\/#breadcrumb\",\"itemListElement\":[{\"@type\":\"ListItem\",\"position\":1,\"name\":\"Portada\",\"item\":\"https:\/\/disenistico.com\/\"},{\"@type\":\"ListItem\",\"position\":2,\"name\":\"Tienda Dise\u00f1\u00edstica\",\"item\":\"https:\/\/disenistico.com\/tienda-disenistica\/\"},{\"@type\":\"ListItem\",\"position\":3,\"name\":\"Mueble Adela\"}]},{\"@type\":\"WebSite\",\"@id\":\"https:\/\/disenistico.com\/#website\",\"url\":\"https:\/\/disenistico.com\/\",\"name\":\"Dise\u00f1\u00edstico\",\"description\":\"\u00a1Muebles dise\u00f1ados para cada espacio de tu hogar!\",\"publisher\":{\"@id\":\"https:\/\/disenistico.com\/#organization\"},\"alternateName\":\"Dise\u00f1\u00edstico\",\"potentialAction\":[{\"@type\":\"SearchAction\",\"target\":{\"@type\":\"EntryPoint\",\"urlTemplate\":\"https:\/\/disenistico.com\/?s={search_term_string}\"},\"query-input\":{\"@type\":\"PropertyValueSpecification\",\"valueRequired\":true,\"valueName\":\"search_term_string\"}}],\"inLanguage\":\"en-US\"},{\"@type\":\"Organization\",\"@id\":\"https:\/\/disenistico.com\/#organization\",\"name\":\"Dise\u00f1\u00edstico\",\"alternateName\":\"Dise\u00f1\u00edstico\",\"url\":\"https:\/\/disenistico.com\/\",\"logo\":{\"@type\":\"ImageObject\",\"inLanguage\":\"en-US\",\"@id\":\"https:\/\/disenistico.com\/#\/schema\/logo\/image\/\",\"url\":\"https:\/\/disenistico.com\/wp-content\/uploads\/disenistico.jpeg\",\"contentUrl\":\"https:\/\/disenistico.com\/wp-content\/uploads\/disenistico.jpeg\",\"width\":1600,\"height\":835,\"caption\":\"Dise\u00f1\u00edstico\"},\"image\":{\"@id\":\"https:\/\/disenistico.com\/#\/schema\/logo\/image\/\"},\"sameAs\":[\"https:\/\/www.facebook.com\/disenistico.cr\",\"https:\/\/www.instagram.com\/disenistico.cr\/\",\"https:\/\/www.tiktok.com\/@disenistico.cr\",\"https:\/\/www.linkedin.com\/in\/sofa-alpzar-baltodano-475488168\/\",\"https:\/\/www.youtube.com\/@disenistico5457\"]}]}<\/script>\n<!-- \/ Yoast SEO plugin. -->","yoast_head_json":{"title":"Mueble Adela - Dise\u00f1\u00edstico","description":"Mueble de TV de repisas, gama alta, con cuatro compartimentos abiertos y patas de madera. Dise\u00f1o ideal para salas, oficinas o estudios.","robots":{"index":"index","follow":"follow","max-snippet":"max-snippet:-1","max-image-preview":"max-image-preview:large","max-video-preview":"max-video-preview:-1"},"canonical":"https:\/\/disenistico.com\/en\/product\/mueble-adela\/","og_locale":"en_US","og_type":"article","og_title":"Mueble Adela - Dise\u00f1\u00edstico","og_description":"Mueble de TV de repisas, gama alta, con cuatro compartimentos abiertos y patas de madera. Dise\u00f1o ideal para salas, oficinas o estudios.","og_url":"https:\/\/disenistico.com\/en\/product\/mueble-adela\/","og_site_name":"Dise\u00f1\u00edstico","article_publisher":"https:\/\/www.facebook.com\/disenistico.cr","article_modified_time":"2026-03-18T04:52:35+00:00","og_image":[{"width":503,"height":503,"url":"https:\/\/disenistico.com\/wp-content\/uploads\/mueble_adela1.webp","type":"image\/webp"}],"twitter_card":"summary_large_image","twitter_misc":{"Est. reading time":"2 minutes"},"schema":{"@context":"https:\/\/schema.org","@graph":[{"@type":"WebPage","@id":"https:\/\/disenistico.com\/producto\/mueble-adela\/","url":"https:\/\/disenistico.com\/producto\/mueble-adela\/","name":"Mueble Adela - Dise\u00f1\u00edstico","isPartOf":{"@id":"https:\/\/disenistico.com\/#website"},"primaryImageOfPage":{"@id":"https:\/\/disenistico.com\/producto\/mueble-adela\/#primaryimage"},"image":{"@id":"https:\/\/disenistico.com\/producto\/mueble-adela\/#primaryimage"},"thumbnailUrl":"https:\/\/disenistico.com\/wp-content\/uploads\/mueble_adela1.webp","datePublished":"2024-04-08T15:49:03+00:00","dateModified":"2026-03-18T04:52:35+00:00","description":"Mueble de TV de repisas, gama alta, con cuatro compartimentos abiertos y patas de madera. Dise\u00f1o ideal para salas, oficinas o estudios.","breadcrumb":{"@id":"https:\/\/disenistico.com\/producto\/mueble-adela\/#breadcrumb"},"inLanguage":"en-US","potentialAction":[{"@type":"ReadAction","target":["https:\/\/disenistico.com\/producto\/mueble-adela\/"]}]},{"@type":"ImageObject","inLanguage":"en-US","@id":"https:\/\/disenistico.com\/producto\/mueble-adela\/#primaryimage","url":"https:\/\/disenistico.com\/wp-content\/uploads\/mueble_adela1.webp","contentUrl":"https:\/\/disenistico.com\/wp-content\/uploads\/mueble_adela1.webp","width":503,"height":503,"caption":"Mueble Adela"},{"@type":"BreadcrumbList","@id":"https:\/\/disenistico.com\/producto\/mueble-adela\/#breadcrumb","itemListElement":[{"@type":"ListItem","position":1,"name":"Portada","item":"https:\/\/disenistico.com\/"},{"@type":"ListItem","position":2,"name":"Tienda Dise\u00f1\u00edstica","item":"https:\/\/disenistico.com\/tienda-disenistica\/"},{"@type":"ListItem","position":3,"name":"Mueble Adela"}]},{"@type":"WebSite","@id":"https:\/\/disenistico.com\/#website","url":"https:\/\/disenistico.com\/","name":"Dise\u00f1\u00edstico","description":"\u00a1Muebles dise\u00f1ados para cada espacio de tu hogar!","publisher":{"@id":"https:\/\/disenistico.com\/#organization"},"alternateName":"Dise\u00f1\u00edstico","potentialAction":[{"@type":"SearchAction","target":{"@type":"EntryPoint","urlTemplate":"https:\/\/disenistico.com\/?s={search_term_string}"},"query-input":{"@type":"PropertyValueSpecification","valueRequired":true,"valueName":"search_term_string"}}],"inLanguage":"en-US"},{"@type":"Organization","@id":"https:\/\/disenistico.com\/#organization","name":"Dise\u00f1\u00edstico","alternateName":"Dise\u00f1\u00edstico","url":"https:\/\/disenistico.com\/","logo":{"@type":"ImageObject","inLanguage":"en-US","@id":"https:\/\/disenistico.com\/#\/schema\/logo\/image\/","url":"https:\/\/disenistico.com\/wp-content\/uploads\/disenistico.jpeg","contentUrl":"https:\/\/disenistico.com\/wp-content\/uploads\/disenistico.jpeg","width":1600,"height":835,"caption":"Dise\u00f1\u00edstico"},"image":{"@id":"https:\/\/disenistico.com\/#\/schema\/logo\/image\/"},"sameAs":["https:\/\/www.facebook.com\/disenistico.cr","https:\/\/www.instagram.com\/disenistico.cr\/","https:\/\/www.tiktok.com\/@disenistico.cr","https:\/\/www.linkedin.com\/in\/sofa-alpzar-baltodano-475488168\/","https:\/\/www.youtube.com\/@disenistico5457"]}]}},"jetpack_sharing_enabled":true,"_links":{"self":[{"href":"https:\/\/disenistico.com\/en\/wp-json\/wp\/v2\/product\/823","targetHints":{"allow":["GET"]}}],"collection":[{"href":"https:\/\/disenistico.com\/en\/wp-json\/wp\/v2\/product"}],"about":[{"href":"https:\/\/disenistico.com\/en\/wp-json\/wp\/v2\/types\/product"}],"wp:featuredmedia":[{"embeddable":true,"href":"https:\/\/disenistico.com\/en\/wp-json\/wp\/v2\/media\/824"}],"wp:attachment":[{"href":"https:\/\/disenistico.com\/en\/wp-json\/wp\/v2\/media?parent=823"}],"wp:term":[{"taxonomy":"product_brand","embeddable":true,"href":"https:\/\/disenistico.com\/en\/wp-json\/wp\/v2\/product_brand?post=823"},{"taxonomy":"product_cat","embeddable":true,"href":"https:\/\/disenistico.com\/en\/wp-json\/wp\/v2\/product_cat?post=823"},{"taxonomy":"product_tag","embeddable":true,"href":"https:\/\/disenistico.com\/en\/wp-json\/wp\/v2\/product_tag?post=823"}],"curies":[{"name":"wp","href":"https:\/\/api.w.org\/{rel}","templated":true}]}}