{"id":811,"date":"2024-04-08T00:15:48","date_gmt":"2024-04-08T06:15:48","guid":{"rendered":"https:\/\/disenistico.com\/?post_type=product&#038;p=811"},"modified":"2025-12-02T12:40:38","modified_gmt":"2025-12-02T18:40:38","slug":"mesita-para-la-cama-estandar","status":"publish","type":"product","link":"https:\/\/disenistico.com\/en\/product\/mesita-para-la-cama-estandar\/","title":{"rendered":"Standard Bedside Table"},"content":{"rendered":"<p>Bedside table that allows you to place the computer, hold a cup\/bottle and place work instruments without endangering or causing bad posture.<\/p>\n<p><\/p>\n<p><strong>Width:<\/strong> 50cm<\/p>\n<p><\/p>\n<p><strong>Height:<\/strong> 25cm<\/p>\n<p><\/p>\n<p><strong>Depth:<\/strong> 30cm<\/p>\n<p><\/p>\n<p><strong>Finishing:<\/strong> Chipboard, 18mm thick, high-end, white, antibacterial and antifungal*<\/p>\n<p><\/p>\n<p>*It is not moisture retardant. If retardant is desired, the purchase must be made by checking the option \"\"Moisture retardant\", otherwise you proceed with standard agglomerate.<\/p>\n<p><strong>Allows you to customize color:<\/strong> It does allow you to modify color if purchased in duo with another piece of furniture in the catalog.<\/p>\n<p><\/p>\n<p>If you want to modify the color or measurements of this furniture, you can contact us at customer service to provide you with the available options <a href=\"https:\/\/wa.me\/50689401602\" rel=\"noopener noreferrer\" target=\"_blank\">wa.me\/50689401602<\/a><\/p>","protected":false},"excerpt":{"rendered":"<p>Mesita para trabajar en la cama que permite colocar la computadora, sostener una taza \/ botella y colocar instrumentos de trabajo sin peligrar ni provocar malas posturas. Largo: 50cm Alto: 25cm Fondo: 30cm Acabado: Madera aglomerada, 18mm de espesor, gama alta, color blanco, antibacteria y antihongo* *No es retardante a la humedad. Si se desea [&hellip;]<\/p>","protected":false},"featured_media":812,"template":"","meta":[],"product_brand":[],"product_cat":[57],"product_tag":[60,61],"class_list":{"0":"post-811","1":"product","2":"type-product","3":"status-publish","4":"has-post-thumbnail","6":"product_cat-mesita-de-noche","7":"product_tag-dormitorio","8":"product_tag-sala","9":"product_shipping_class-envios","11":"first","12":"instock","13":"purchasable","14":"product-type-simple"},"yoast_head":"<!-- This site is optimized with the Yoast SEO plugin v26.9 - https:\/\/yoast.com\/product\/yoast-seo-wordpress\/ -->\n<title>Mesita para la Cama Estandar - Dise\u00f1\u00edstico<\/title>\n<meta name=\"robots\" content=\"index, follow, max-snippet:-1, max-image-preview:large, max-video-preview:-1\" \/>\n<link rel=\"canonical\" href=\"https:\/\/disenistico.com\/en\/product\/mesita-para-la-cama-estandar\/\" \/>\n<meta property=\"og:locale\" content=\"en_US\" \/>\n<meta property=\"og:type\" content=\"article\" \/>\n<meta property=\"og:title\" content=\"Mesita para la Cama Estandar - Dise\u00f1\u00edstico\" \/>\n<meta property=\"og:description\" content=\"Mesita para trabajar en la cama que permite colocar la computadora, sostener una taza \/ botella y colocar instrumentos de trabajo sin peligrar ni provocar malas posturas. Largo: 50cm Alto: 25cm Fondo: 30cm Acabado: Madera aglomerada, 18mm de espesor, gama alta, color blanco, antibacteria y antihongo* *No es retardante a la humedad. Si se desea [&hellip;]\" \/>\n<meta property=\"og:url\" content=\"https:\/\/disenistico.com\/en\/product\/mesita-para-la-cama-estandar\/\" \/>\n<meta property=\"og:site_name\" content=\"Dise\u00f1\u00edstico\" \/>\n<meta property=\"article:publisher\" content=\"https:\/\/www.facebook.com\/disenistico.cr\" \/>\n<meta property=\"article:modified_time\" content=\"2025-12-02T18:40:38+00:00\" \/>\n<meta property=\"og:image\" content=\"https:\/\/disenistico.com\/wp-content\/uploads\/mesa_cama_estandar1.webp\" \/>\n\t<meta property=\"og:image:width\" content=\"886\" \/>\n\t<meta property=\"og:image:height\" content=\"886\" \/>\n\t<meta property=\"og:image:type\" content=\"image\/webp\" \/>\n<meta name=\"twitter:card\" content=\"summary_large_image\" \/>\n<meta name=\"twitter:label1\" content=\"Est. reading time\" \/>\n\t<meta name=\"twitter:data1\" content=\"1 minute\" \/>\n<script type=\"application\/ld+json\" class=\"yoast-schema-graph\">{\"@context\":\"https:\/\/schema.org\",\"@graph\":[{\"@type\":\"WebPage\",\"@id\":\"https:\/\/disenistico.com\/producto\/mesita-para-la-cama-estandar\/\",\"url\":\"https:\/\/disenistico.com\/producto\/mesita-para-la-cama-estandar\/\",\"name\":\"Mesita para la Cama Estandar - Dise\u00f1\u00edstico\",\"isPartOf\":{\"@id\":\"https:\/\/disenistico.com\/#website\"},\"primaryImageOfPage\":{\"@id\":\"https:\/\/disenistico.com\/producto\/mesita-para-la-cama-estandar\/#primaryimage\"},\"image\":{\"@id\":\"https:\/\/disenistico.com\/producto\/mesita-para-la-cama-estandar\/#primaryimage\"},\"thumbnailUrl\":\"https:\/\/disenistico.com\/wp-content\/uploads\/mesa_cama_estandar1.webp\",\"datePublished\":\"2024-04-08T06:15:48+00:00\",\"dateModified\":\"2025-12-02T18:40:38+00:00\",\"breadcrumb\":{\"@id\":\"https:\/\/disenistico.com\/producto\/mesita-para-la-cama-estandar\/#breadcrumb\"},\"inLanguage\":\"en-US\",\"potentialAction\":[{\"@type\":\"ReadAction\",\"target\":[\"https:\/\/disenistico.com\/producto\/mesita-para-la-cama-estandar\/\"]}]},{\"@type\":\"ImageObject\",\"inLanguage\":\"en-US\",\"@id\":\"https:\/\/disenistico.com\/producto\/mesita-para-la-cama-estandar\/#primaryimage\",\"url\":\"https:\/\/disenistico.com\/wp-content\/uploads\/mesa_cama_estandar1.webp\",\"contentUrl\":\"https:\/\/disenistico.com\/wp-content\/uploads\/mesa_cama_estandar1.webp\",\"width\":886,\"height\":886,\"caption\":\"Mesa Cama Est\u00e1ndar\"},{\"@type\":\"BreadcrumbList\",\"@id\":\"https:\/\/disenistico.com\/producto\/mesita-para-la-cama-estandar\/#breadcrumb\",\"itemListElement\":[{\"@type\":\"ListItem\",\"position\":1,\"name\":\"Portada\",\"item\":\"https:\/\/disenistico.com\/\"},{\"@type\":\"ListItem\",\"position\":2,\"name\":\"Tienda Dise\u00f1\u00edstica\",\"item\":\"https:\/\/disenistico.com\/tienda-disenistica\/\"},{\"@type\":\"ListItem\",\"position\":3,\"name\":\"Mesita para la Cama Estandar\"}]},{\"@type\":\"WebSite\",\"@id\":\"https:\/\/disenistico.com\/#website\",\"url\":\"https:\/\/disenistico.com\/\",\"name\":\"Dise\u00f1\u00edstico\",\"description\":\"\u00a1Muebles dise\u00f1ados para cada espacio de tu hogar!\",\"publisher\":{\"@id\":\"https:\/\/disenistico.com\/#organization\"},\"alternateName\":\"Dise\u00f1\u00edstico\",\"potentialAction\":[{\"@type\":\"SearchAction\",\"target\":{\"@type\":\"EntryPoint\",\"urlTemplate\":\"https:\/\/disenistico.com\/?s={search_term_string}\"},\"query-input\":{\"@type\":\"PropertyValueSpecification\",\"valueRequired\":true,\"valueName\":\"search_term_string\"}}],\"inLanguage\":\"en-US\"},{\"@type\":\"Organization\",\"@id\":\"https:\/\/disenistico.com\/#organization\",\"name\":\"Dise\u00f1\u00edstico\",\"alternateName\":\"Dise\u00f1\u00edstico\",\"url\":\"https:\/\/disenistico.com\/\",\"logo\":{\"@type\":\"ImageObject\",\"inLanguage\":\"en-US\",\"@id\":\"https:\/\/disenistico.com\/#\/schema\/logo\/image\/\",\"url\":\"https:\/\/disenistico.com\/wp-content\/uploads\/disenistico.jpeg\",\"contentUrl\":\"https:\/\/disenistico.com\/wp-content\/uploads\/disenistico.jpeg\",\"width\":1600,\"height\":835,\"caption\":\"Dise\u00f1\u00edstico\"},\"image\":{\"@id\":\"https:\/\/disenistico.com\/#\/schema\/logo\/image\/\"},\"sameAs\":[\"https:\/\/www.facebook.com\/disenistico.cr\",\"https:\/\/www.instagram.com\/disenistico.cr\/\",\"https:\/\/www.tiktok.com\/@disenistico.cr\",\"https:\/\/www.linkedin.com\/in\/sofa-alpzar-baltodano-475488168\/\",\"https:\/\/www.youtube.com\/@disenistico5457\"]}]}<\/script>\n<!-- \/ Yoast SEO plugin. -->","yoast_head_json":{"title":"Mesita para la Cama Estandar - Dise\u00f1\u00edstico","robots":{"index":"index","follow":"follow","max-snippet":"max-snippet:-1","max-image-preview":"max-image-preview:large","max-video-preview":"max-video-preview:-1"},"canonical":"https:\/\/disenistico.com\/en\/product\/mesita-para-la-cama-estandar\/","og_locale":"en_US","og_type":"article","og_title":"Mesita para la Cama Estandar - Dise\u00f1\u00edstico","og_description":"Mesita para trabajar en la cama que permite colocar la computadora, sostener una taza \/ botella y colocar instrumentos de trabajo sin peligrar ni provocar malas posturas. Largo: 50cm Alto: 25cm Fondo: 30cm Acabado: Madera aglomerada, 18mm de espesor, gama alta, color blanco, antibacteria y antihongo* *No es retardante a la humedad. Si se desea [&hellip;]","og_url":"https:\/\/disenistico.com\/en\/product\/mesita-para-la-cama-estandar\/","og_site_name":"Dise\u00f1\u00edstico","article_publisher":"https:\/\/www.facebook.com\/disenistico.cr","article_modified_time":"2025-12-02T18:40:38+00:00","og_image":[{"width":886,"height":886,"url":"https:\/\/disenistico.com\/wp-content\/uploads\/mesa_cama_estandar1.webp","type":"image\/webp"}],"twitter_card":"summary_large_image","twitter_misc":{"Est. reading time":"1 minute"},"schema":{"@context":"https:\/\/schema.org","@graph":[{"@type":"WebPage","@id":"https:\/\/disenistico.com\/producto\/mesita-para-la-cama-estandar\/","url":"https:\/\/disenistico.com\/producto\/mesita-para-la-cama-estandar\/","name":"Mesita para la Cama Estandar - Dise\u00f1\u00edstico","isPartOf":{"@id":"https:\/\/disenistico.com\/#website"},"primaryImageOfPage":{"@id":"https:\/\/disenistico.com\/producto\/mesita-para-la-cama-estandar\/#primaryimage"},"image":{"@id":"https:\/\/disenistico.com\/producto\/mesita-para-la-cama-estandar\/#primaryimage"},"thumbnailUrl":"https:\/\/disenistico.com\/wp-content\/uploads\/mesa_cama_estandar1.webp","datePublished":"2024-04-08T06:15:48+00:00","dateModified":"2025-12-02T18:40:38+00:00","breadcrumb":{"@id":"https:\/\/disenistico.com\/producto\/mesita-para-la-cama-estandar\/#breadcrumb"},"inLanguage":"en-US","potentialAction":[{"@type":"ReadAction","target":["https:\/\/disenistico.com\/producto\/mesita-para-la-cama-estandar\/"]}]},{"@type":"ImageObject","inLanguage":"en-US","@id":"https:\/\/disenistico.com\/producto\/mesita-para-la-cama-estandar\/#primaryimage","url":"https:\/\/disenistico.com\/wp-content\/uploads\/mesa_cama_estandar1.webp","contentUrl":"https:\/\/disenistico.com\/wp-content\/uploads\/mesa_cama_estandar1.webp","width":886,"height":886,"caption":"Mesa Cama Est\u00e1ndar"},{"@type":"BreadcrumbList","@id":"https:\/\/disenistico.com\/producto\/mesita-para-la-cama-estandar\/#breadcrumb","itemListElement":[{"@type":"ListItem","position":1,"name":"Portada","item":"https:\/\/disenistico.com\/"},{"@type":"ListItem","position":2,"name":"Tienda Dise\u00f1\u00edstica","item":"https:\/\/disenistico.com\/tienda-disenistica\/"},{"@type":"ListItem","position":3,"name":"Mesita para la Cama Estandar"}]},{"@type":"WebSite","@id":"https:\/\/disenistico.com\/#website","url":"https:\/\/disenistico.com\/","name":"Dise\u00f1\u00edstico","description":"\u00a1Muebles dise\u00f1ados para cada espacio de tu hogar!","publisher":{"@id":"https:\/\/disenistico.com\/#organization"},"alternateName":"Dise\u00f1\u00edstico","potentialAction":[{"@type":"SearchAction","target":{"@type":"EntryPoint","urlTemplate":"https:\/\/disenistico.com\/?s={search_term_string}"},"query-input":{"@type":"PropertyValueSpecification","valueRequired":true,"valueName":"search_term_string"}}],"inLanguage":"en-US"},{"@type":"Organization","@id":"https:\/\/disenistico.com\/#organization","name":"Dise\u00f1\u00edstico","alternateName":"Dise\u00f1\u00edstico","url":"https:\/\/disenistico.com\/","logo":{"@type":"ImageObject","inLanguage":"en-US","@id":"https:\/\/disenistico.com\/#\/schema\/logo\/image\/","url":"https:\/\/disenistico.com\/wp-content\/uploads\/disenistico.jpeg","contentUrl":"https:\/\/disenistico.com\/wp-content\/uploads\/disenistico.jpeg","width":1600,"height":835,"caption":"Dise\u00f1\u00edstico"},"image":{"@id":"https:\/\/disenistico.com\/#\/schema\/logo\/image\/"},"sameAs":["https:\/\/www.facebook.com\/disenistico.cr","https:\/\/www.instagram.com\/disenistico.cr\/","https:\/\/www.tiktok.com\/@disenistico.cr","https:\/\/www.linkedin.com\/in\/sofa-alpzar-baltodano-475488168\/","https:\/\/www.youtube.com\/@disenistico5457"]}]}},"jetpack_sharing_enabled":true,"_links":{"self":[{"href":"https:\/\/disenistico.com\/en\/wp-json\/wp\/v2\/product\/811","targetHints":{"allow":["GET"]}}],"collection":[{"href":"https:\/\/disenistico.com\/en\/wp-json\/wp\/v2\/product"}],"about":[{"href":"https:\/\/disenistico.com\/en\/wp-json\/wp\/v2\/types\/product"}],"wp:featuredmedia":[{"embeddable":true,"href":"https:\/\/disenistico.com\/en\/wp-json\/wp\/v2\/media\/812"}],"wp:attachment":[{"href":"https:\/\/disenistico.com\/en\/wp-json\/wp\/v2\/media?parent=811"}],"wp:term":[{"taxonomy":"product_brand","embeddable":true,"href":"https:\/\/disenistico.com\/en\/wp-json\/wp\/v2\/product_brand?post=811"},{"taxonomy":"product_cat","embeddable":true,"href":"https:\/\/disenistico.com\/en\/wp-json\/wp\/v2\/product_cat?post=811"},{"taxonomy":"product_tag","embeddable":true,"href":"https:\/\/disenistico.com\/en\/wp-json\/wp\/v2\/product_tag?post=811"}],"curies":[{"name":"wp","href":"https:\/\/api.w.org\/{rel}","templated":true}]}}