{"id":2542,"date":"2025-01-27T18:52:37","date_gmt":"2025-01-28T00:52:37","guid":{"rendered":"https:\/\/disenistico.com\/?post_type=product&#038;p=2542"},"modified":"2025-04-01T10:01:33","modified_gmt":"2025-04-01T16:01:33","slug":"taller-de-ceramica-y-acabados","status":"publish","type":"product","link":"https:\/\/disenistico.com\/en\/product\/taller-de-ceramica-y-acabados\/","title":{"rendered":"Taller de cer\u00e1mica y acabados"},"content":{"rendered":"<p>Este taller est\u00e1 dise\u00f1ado para aprender a pegar cer\u00e1mica, cortarla y elegir los materiales apropiados. Esta ser\u00eda la agenda:<\/p>\n<ol>\n<li>Vamos a utilizar cortadora manual, dremel (como demostraci\u00f3n)<\/li>\n<li>El taller va a tener dos fechas separadas (una no depende se la otra).<\/li>\n<li>El 8 de febrero va a ser de 8am a 12pm y vamos a ver \u00fanicamente sobre cer\u00e1mica y porcelanatos como tal.<\/li>\n<li>El 15 de febrero va a ser taller de cer\u00e1mica + t\u00e9cnica lime wash para paredes o muebles y ciertos acabados en madera. (No se van a restaurar muebles como tal pero las t\u00e9cnicas sirven para que las puedan implementar)<\/li>\n<li>Ambos talleres incluyen materiales.<\/li>\n<\/ol>\n<hr>\n<p>Descripci\u00f3n del taller del 8 de febrero:<\/p>\n<ul>\n<li>Vamos a aprender sobre materiales apropiados, tipos de baldosas, mosaicos y porcelanatos.<\/li>\n<li>Vamos a cortar, cometer errores, sacar \u00e1ngulos, como sacar plantillas hasta practicar bastante.<\/li>\n<li>Vamos a pegar la cer\u00e1mica en diferentes \u00e1ngulos, patrones y dar acabado final.<\/li>\n<\/ul>\n<p>Descripci\u00f3n del taller del 15 de febrero d<\/p>\n<ul>\n<li>Durante la mitad del d\u00eda vamos a tocar los puntos indicados en el taller del 8 de febrero pero vamos a a\u00f1adir en la otra mitad, como realizar la t\u00e9cnica de limewash, ver varios tipos de acabados para madera y aplicarlos en piezas para practicar.<\/li>\n<li>En este d\u00eda se incluye merienda, va a haber espacio para almorzar (cada persona debe llevar su almuerzo, el taller est\u00e1 equipado para refrigerar y calentar o bien preparar caf\u00e9)<\/li>\n<\/ul>\n<p>En ninguno de los d\u00edas hay un proyecto como tal, el prop\u00f3sito es practicar y cometer errores.<\/p>\n<p>Los talleres dise\u00f1\u00edsticos est\u00e1n siempre llenos de mucho aprendizaje y teor\u00eda, para estos en espec\u00edfico les vamos a entregar material impreso con paso a paso, recomendaciones e informaci\u00f3n pr\u00e1ctica.<\/p>\n<hr>\n<p>No incluye el toolbox Dise\u00f1\u00edstico. Este se adquiere por aparte en caso de que as\u00ed se desee o bien adjuntarlo al carrito de compra.<\/p>\n<hr>\n<p>Condiciones generales:<\/p>\n<ul>\n<li>La compra es final. No se realizan devoluciones de dinero.<\/li>\n<li>La edici\u00f3n de este taller es especial por lo que no hay una fecha pr\u00f3xima en caso de que alguien no pueda asistir.<\/li>\n<li>El taller es pr\u00e1ctico, sin embargo los tiempos de fraguado son diferentes y requieren de d\u00edas por lo que vamos a tener escenarios avanzados para que puedan realizar todos los pasos.<\/li>\n<li>Este es un taller para principiantes, no est\u00e1 enfocado en aquellas personas que trabajan en construcci\u00f3n.<\/li>\n<li>No se requiere experiencia previa, solo deseo de aprender, cometer errores y disfrutar.<br \/>\n<hr>\n<\/li>\n<\/ul>\n<p>Los talleres dise\u00f1\u00edsticos son espacios libres de juicio y seguros para quienes quieran aprender.<\/p>\n<p>La participaci\u00f3n de cada persona es bajo su responsabilidad, en seguridad, seguir instrucciones, evitar accidentes, hay reglas claras previas al inicio de cada taller.<\/p>\n<p>Hay espacio de parqueo seguro.<\/p>","protected":false},"excerpt":{"rendered":"<p>Este taller est\u00e1 dise\u00f1ado para aprender a pegar cer\u00e1mica, cortarla y elegir los materiales apropiados. Esta ser\u00eda la agenda: Vamos a utilizar cortadora manual, dremel (como demostraci\u00f3n) El taller va a tener dos fechas separadas (una no depende se la otra). El 8 de febrero va a ser de 8am a 12pm y vamos a [&hellip;]<\/p>","protected":false},"featured_media":2541,"template":"","meta":[],"product_brand":[],"product_cat":[15],"product_tag":[],"class_list":{"0":"post-2542","1":"product","2":"type-product","3":"status-publish","4":"has-post-thumbnail","6":"product_cat-sin-categorizar","7":"pa_fecha-taller-15-de-febrero-ceramicas-acabados","8":"pa_fecha-taller-8-de-febrero-solo-ceramicas","10":"first","11":"instock","12":"purchasable","13":"product-type-variable"},"yoast_head":"<!-- This site is optimized with the Yoast SEO plugin v26.9 - https:\/\/yoast.com\/product\/yoast-seo-wordpress\/ -->\n<title>Taller de cer\u00e1mica y acabados - Dise\u00f1\u00edstico<\/title>\n<meta name=\"robots\" content=\"index, follow, max-snippet:-1, max-image-preview:large, max-video-preview:-1\" \/>\n<link rel=\"canonical\" href=\"https:\/\/disenistico.com\/en\/product\/taller-de-ceramica-y-acabados\/\" \/>\n<meta property=\"og:locale\" content=\"en_US\" \/>\n<meta property=\"og:type\" content=\"article\" \/>\n<meta property=\"og:title\" content=\"Taller de cer\u00e1mica y acabados - Dise\u00f1\u00edstico\" \/>\n<meta property=\"og:description\" content=\"Este taller est\u00e1 dise\u00f1ado para aprender a pegar cer\u00e1mica, cortarla y elegir los materiales apropiados. Esta ser\u00eda la agenda: Vamos a utilizar cortadora manual, dremel (como demostraci\u00f3n) El taller va a tener dos fechas separadas (una no depende se la otra). El 8 de febrero va a ser de 8am a 12pm y vamos a [&hellip;]\" \/>\n<meta property=\"og:url\" content=\"https:\/\/disenistico.com\/en\/product\/taller-de-ceramica-y-acabados\/\" \/>\n<meta property=\"og:site_name\" content=\"Dise\u00f1\u00edstico\" \/>\n<meta property=\"article:publisher\" content=\"https:\/\/www.facebook.com\/disenistico.cr\" \/>\n<meta property=\"article:modified_time\" content=\"2025-04-01T16:01:33+00:00\" \/>\n<meta property=\"og:image\" content=\"https:\/\/disenistico.com\/wp-content\/uploads\/taller-scaled.jpeg\" \/>\n\t<meta property=\"og:image:width\" content=\"2048\" \/>\n\t<meta property=\"og:image:height\" content=\"2560\" \/>\n\t<meta property=\"og:image:type\" content=\"image\/jpeg\" \/>\n<meta name=\"twitter:card\" content=\"summary_large_image\" \/>\n<meta name=\"twitter:label1\" content=\"Est. reading time\" \/>\n\t<meta name=\"twitter:data1\" content=\"2 minutes\" \/>\n<script type=\"application\/ld+json\" class=\"yoast-schema-graph\">{\"@context\":\"https:\/\/schema.org\",\"@graph\":[{\"@type\":\"WebPage\",\"@id\":\"https:\/\/disenistico.com\/producto\/taller-de-ceramica-y-acabados\/\",\"url\":\"https:\/\/disenistico.com\/producto\/taller-de-ceramica-y-acabados\/\",\"name\":\"Taller de cer\u00e1mica y acabados - Dise\u00f1\u00edstico\",\"isPartOf\":{\"@id\":\"https:\/\/disenistico.com\/#website\"},\"primaryImageOfPage\":{\"@id\":\"https:\/\/disenistico.com\/producto\/taller-de-ceramica-y-acabados\/#primaryimage\"},\"image\":{\"@id\":\"https:\/\/disenistico.com\/producto\/taller-de-ceramica-y-acabados\/#primaryimage\"},\"thumbnailUrl\":\"https:\/\/disenistico.com\/wp-content\/uploads\/taller-scaled.jpeg\",\"datePublished\":\"2025-01-28T00:52:37+00:00\",\"dateModified\":\"2025-04-01T16:01:33+00:00\",\"breadcrumb\":{\"@id\":\"https:\/\/disenistico.com\/producto\/taller-de-ceramica-y-acabados\/#breadcrumb\"},\"inLanguage\":\"en-US\",\"potentialAction\":[{\"@type\":\"ReadAction\",\"target\":[\"https:\/\/disenistico.com\/producto\/taller-de-ceramica-y-acabados\/\"]}]},{\"@type\":\"ImageObject\",\"inLanguage\":\"en-US\",\"@id\":\"https:\/\/disenistico.com\/producto\/taller-de-ceramica-y-acabados\/#primaryimage\",\"url\":\"https:\/\/disenistico.com\/wp-content\/uploads\/taller-scaled.jpeg\",\"contentUrl\":\"https:\/\/disenistico.com\/wp-content\/uploads\/taller-scaled.jpeg\",\"width\":2048,\"height\":2560},{\"@type\":\"BreadcrumbList\",\"@id\":\"https:\/\/disenistico.com\/producto\/taller-de-ceramica-y-acabados\/#breadcrumb\",\"itemListElement\":[{\"@type\":\"ListItem\",\"position\":1,\"name\":\"Portada\",\"item\":\"https:\/\/disenistico.com\/\"},{\"@type\":\"ListItem\",\"position\":2,\"name\":\"Tienda Dise\u00f1\u00edstica\",\"item\":\"https:\/\/disenistico.com\/tienda-disenistica\/\"},{\"@type\":\"ListItem\",\"position\":3,\"name\":\"Taller de cer\u00e1mica y acabados\"}]},{\"@type\":\"WebSite\",\"@id\":\"https:\/\/disenistico.com\/#website\",\"url\":\"https:\/\/disenistico.com\/\",\"name\":\"Dise\u00f1\u00edstico\",\"description\":\"\u00a1Muebles dise\u00f1ados para cada espacio de tu hogar!\",\"publisher\":{\"@id\":\"https:\/\/disenistico.com\/#organization\"},\"alternateName\":\"Dise\u00f1\u00edstico\",\"potentialAction\":[{\"@type\":\"SearchAction\",\"target\":{\"@type\":\"EntryPoint\",\"urlTemplate\":\"https:\/\/disenistico.com\/?s={search_term_string}\"},\"query-input\":{\"@type\":\"PropertyValueSpecification\",\"valueRequired\":true,\"valueName\":\"search_term_string\"}}],\"inLanguage\":\"en-US\"},{\"@type\":\"Organization\",\"@id\":\"https:\/\/disenistico.com\/#organization\",\"name\":\"Dise\u00f1\u00edstico\",\"alternateName\":\"Dise\u00f1\u00edstico\",\"url\":\"https:\/\/disenistico.com\/\",\"logo\":{\"@type\":\"ImageObject\",\"inLanguage\":\"en-US\",\"@id\":\"https:\/\/disenistico.com\/#\/schema\/logo\/image\/\",\"url\":\"https:\/\/disenistico.com\/wp-content\/uploads\/disenistico.jpeg\",\"contentUrl\":\"https:\/\/disenistico.com\/wp-content\/uploads\/disenistico.jpeg\",\"width\":1600,\"height\":835,\"caption\":\"Dise\u00f1\u00edstico\"},\"image\":{\"@id\":\"https:\/\/disenistico.com\/#\/schema\/logo\/image\/\"},\"sameAs\":[\"https:\/\/www.facebook.com\/disenistico.cr\",\"https:\/\/www.instagram.com\/disenistico.cr\/\",\"https:\/\/www.tiktok.com\/@disenistico.cr\",\"https:\/\/www.linkedin.com\/in\/sofa-alpzar-baltodano-475488168\/\",\"https:\/\/www.youtube.com\/@disenistico5457\"]}]}<\/script>\n<!-- \/ Yoast SEO plugin. -->","yoast_head_json":{"title":"Taller de cer\u00e1mica y acabados - Dise\u00f1\u00edstico","robots":{"index":"index","follow":"follow","max-snippet":"max-snippet:-1","max-image-preview":"max-image-preview:large","max-video-preview":"max-video-preview:-1"},"canonical":"https:\/\/disenistico.com\/en\/product\/taller-de-ceramica-y-acabados\/","og_locale":"en_US","og_type":"article","og_title":"Taller de cer\u00e1mica y acabados - Dise\u00f1\u00edstico","og_description":"Este taller est\u00e1 dise\u00f1ado para aprender a pegar cer\u00e1mica, cortarla y elegir los materiales apropiados. Esta ser\u00eda la agenda: Vamos a utilizar cortadora manual, dremel (como demostraci\u00f3n) El taller va a tener dos fechas separadas (una no depende se la otra). El 8 de febrero va a ser de 8am a 12pm y vamos a [&hellip;]","og_url":"https:\/\/disenistico.com\/en\/product\/taller-de-ceramica-y-acabados\/","og_site_name":"Dise\u00f1\u00edstico","article_publisher":"https:\/\/www.facebook.com\/disenistico.cr","article_modified_time":"2025-04-01T16:01:33+00:00","og_image":[{"width":2048,"height":2560,"url":"https:\/\/disenistico.com\/wp-content\/uploads\/taller-scaled.jpeg","type":"image\/jpeg"}],"twitter_card":"summary_large_image","twitter_misc":{"Est. reading time":"2 minutes"},"schema":{"@context":"https:\/\/schema.org","@graph":[{"@type":"WebPage","@id":"https:\/\/disenistico.com\/producto\/taller-de-ceramica-y-acabados\/","url":"https:\/\/disenistico.com\/producto\/taller-de-ceramica-y-acabados\/","name":"Taller de cer\u00e1mica y acabados - Dise\u00f1\u00edstico","isPartOf":{"@id":"https:\/\/disenistico.com\/#website"},"primaryImageOfPage":{"@id":"https:\/\/disenistico.com\/producto\/taller-de-ceramica-y-acabados\/#primaryimage"},"image":{"@id":"https:\/\/disenistico.com\/producto\/taller-de-ceramica-y-acabados\/#primaryimage"},"thumbnailUrl":"https:\/\/disenistico.com\/wp-content\/uploads\/taller-scaled.jpeg","datePublished":"2025-01-28T00:52:37+00:00","dateModified":"2025-04-01T16:01:33+00:00","breadcrumb":{"@id":"https:\/\/disenistico.com\/producto\/taller-de-ceramica-y-acabados\/#breadcrumb"},"inLanguage":"en-US","potentialAction":[{"@type":"ReadAction","target":["https:\/\/disenistico.com\/producto\/taller-de-ceramica-y-acabados\/"]}]},{"@type":"ImageObject","inLanguage":"en-US","@id":"https:\/\/disenistico.com\/producto\/taller-de-ceramica-y-acabados\/#primaryimage","url":"https:\/\/disenistico.com\/wp-content\/uploads\/taller-scaled.jpeg","contentUrl":"https:\/\/disenistico.com\/wp-content\/uploads\/taller-scaled.jpeg","width":2048,"height":2560},{"@type":"BreadcrumbList","@id":"https:\/\/disenistico.com\/producto\/taller-de-ceramica-y-acabados\/#breadcrumb","itemListElement":[{"@type":"ListItem","position":1,"name":"Portada","item":"https:\/\/disenistico.com\/"},{"@type":"ListItem","position":2,"name":"Tienda Dise\u00f1\u00edstica","item":"https:\/\/disenistico.com\/tienda-disenistica\/"},{"@type":"ListItem","position":3,"name":"Taller de cer\u00e1mica y acabados"}]},{"@type":"WebSite","@id":"https:\/\/disenistico.com\/#website","url":"https:\/\/disenistico.com\/","name":"Dise\u00f1\u00edstico","description":"\u00a1Muebles dise\u00f1ados para cada espacio de tu hogar!","publisher":{"@id":"https:\/\/disenistico.com\/#organization"},"alternateName":"Dise\u00f1\u00edstico","potentialAction":[{"@type":"SearchAction","target":{"@type":"EntryPoint","urlTemplate":"https:\/\/disenistico.com\/?s={search_term_string}"},"query-input":{"@type":"PropertyValueSpecification","valueRequired":true,"valueName":"search_term_string"}}],"inLanguage":"en-US"},{"@type":"Organization","@id":"https:\/\/disenistico.com\/#organization","name":"Dise\u00f1\u00edstico","alternateName":"Dise\u00f1\u00edstico","url":"https:\/\/disenistico.com\/","logo":{"@type":"ImageObject","inLanguage":"en-US","@id":"https:\/\/disenistico.com\/#\/schema\/logo\/image\/","url":"https:\/\/disenistico.com\/wp-content\/uploads\/disenistico.jpeg","contentUrl":"https:\/\/disenistico.com\/wp-content\/uploads\/disenistico.jpeg","width":1600,"height":835,"caption":"Dise\u00f1\u00edstico"},"image":{"@id":"https:\/\/disenistico.com\/#\/schema\/logo\/image\/"},"sameAs":["https:\/\/www.facebook.com\/disenistico.cr","https:\/\/www.instagram.com\/disenistico.cr\/","https:\/\/www.tiktok.com\/@disenistico.cr","https:\/\/www.linkedin.com\/in\/sofa-alpzar-baltodano-475488168\/","https:\/\/www.youtube.com\/@disenistico5457"]}]}},"jetpack_sharing_enabled":true,"_links":{"self":[{"href":"https:\/\/disenistico.com\/en\/wp-json\/wp\/v2\/product\/2542","targetHints":{"allow":["GET"]}}],"collection":[{"href":"https:\/\/disenistico.com\/en\/wp-json\/wp\/v2\/product"}],"about":[{"href":"https:\/\/disenistico.com\/en\/wp-json\/wp\/v2\/types\/product"}],"wp:featuredmedia":[{"embeddable":true,"href":"https:\/\/disenistico.com\/en\/wp-json\/wp\/v2\/media\/2541"}],"wp:attachment":[{"href":"https:\/\/disenistico.com\/en\/wp-json\/wp\/v2\/media?parent=2542"}],"wp:term":[{"taxonomy":"product_brand","embeddable":true,"href":"https:\/\/disenistico.com\/en\/wp-json\/wp\/v2\/product_brand?post=2542"},{"taxonomy":"product_cat","embeddable":true,"href":"https:\/\/disenistico.com\/en\/wp-json\/wp\/v2\/product_cat?post=2542"},{"taxonomy":"product_tag","embeddable":true,"href":"https:\/\/disenistico.com\/en\/wp-json\/wp\/v2\/product_tag?post=2542"}],"curies":[{"name":"wp","href":"https:\/\/api.w.org\/{rel}","templated":true}]}}