{"id":2263,"date":"2024-11-18T20:28:44","date_gmt":"2024-11-19T02:28:44","guid":{"rendered":"https:\/\/disenistico.com\/?post_type=product&#038;p=2263"},"modified":"2024-11-18T20:34:12","modified_gmt":"2024-11-19T02:34:12","slug":"producto","status":"publish","type":"product","link":"https:\/\/disenistico.com\/en\/product\/producto\/","title":{"rendered":"Product"},"content":{"rendered":"<p>Gift cards according to your budget and type of gift \ud83e\ude77<\/p>","protected":false},"excerpt":{"rendered":"<p>Gift cards according to your budget and type of gift \ud83e\ude77<\/p>","protected":false},"featured_media":2276,"template":"","meta":[],"product_brand":[],"product_cat":[15],"product_tag":[],"class_list":{"0":"post-2263","1":"product","2":"type-product","3":"status-publish","4":"has-post-thumbnail","6":"product_cat-sin-categorizar","7":"pa_eligeunaopcion-tarjeta-1-taller-disenistico","8":"pa_eligeunaopcion-tarjeta-1-toolbox-tapa-dura","9":"pa_eligeunaopcion-tarjeta-10mil","10":"pa_eligeunaopcion-tarjeta-20mil","11":"pa_eligeunaopcion-tarjeta-30mil","12":"pa_eligeunaopcion-tarjeta-40mil","14":"first","15":"instock","16":"shipping-taxable","17":"purchasable","18":"product-type-variable"},"yoast_head":"<!-- This site is optimized with the Yoast SEO plugin v26.9 - https:\/\/yoast.com\/product\/yoast-seo-wordpress\/ -->\n<title>Producto - Dise\u00f1\u00edstico<\/title>\n<meta name=\"robots\" content=\"index, follow, max-snippet:-1, max-image-preview:large, max-video-preview:-1\" \/>\n<link rel=\"canonical\" href=\"https:\/\/disenistico.com\/en\/product\/producto\/\" \/>\n<meta property=\"og:locale\" content=\"en_US\" \/>\n<meta property=\"og:type\" content=\"article\" \/>\n<meta property=\"og:title\" content=\"Producto - Dise\u00f1\u00edstico\" \/>\n<meta property=\"og:description\" content=\"Tarjetas de regalo seg\u00fan tu presupuesto y tipo de regalo \ud83e\ude77\" \/>\n<meta property=\"og:url\" content=\"https:\/\/disenistico.com\/en\/product\/producto\/\" \/>\n<meta property=\"og:site_name\" content=\"Dise\u00f1\u00edstico\" \/>\n<meta property=\"article:publisher\" content=\"https:\/\/www.facebook.com\/disenistico.cr\" \/>\n<meta property=\"article:modified_time\" content=\"2024-11-19T02:34:12+00:00\" \/>\n<meta property=\"og:image\" content=\"https:\/\/disenistico.com\/wp-content\/uploads\/gift-cards-scaled.jpeg\" \/>\n\t<meta property=\"og:image:width\" content=\"2560\" \/>\n\t<meta property=\"og:image:height\" content=\"2560\" \/>\n\t<meta property=\"og:image:type\" content=\"image\/jpeg\" \/>\n<meta name=\"twitter:card\" content=\"summary_large_image\" \/>\n<script type=\"application\/ld+json\" class=\"yoast-schema-graph\">{\"@context\":\"https:\/\/schema.org\",\"@graph\":[{\"@type\":\"WebPage\",\"@id\":\"https:\/\/disenistico.com\/producto\/producto\/\",\"url\":\"https:\/\/disenistico.com\/producto\/producto\/\",\"name\":\"Producto - Dise\u00f1\u00edstico\",\"isPartOf\":{\"@id\":\"https:\/\/disenistico.com\/#website\"},\"primaryImageOfPage\":{\"@id\":\"https:\/\/disenistico.com\/producto\/producto\/#primaryimage\"},\"image\":{\"@id\":\"https:\/\/disenistico.com\/producto\/producto\/#primaryimage\"},\"thumbnailUrl\":\"https:\/\/disenistico.com\/wp-content\/uploads\/gift-cards-05-1-scaled.jpeg\",\"datePublished\":\"2024-11-19T02:28:44+00:00\",\"dateModified\":\"2024-11-19T02:34:12+00:00\",\"breadcrumb\":{\"@id\":\"https:\/\/disenistico.com\/producto\/producto\/#breadcrumb\"},\"inLanguage\":\"en-US\",\"potentialAction\":[{\"@type\":\"ReadAction\",\"target\":[\"https:\/\/disenistico.com\/producto\/producto\/\"]}]},{\"@type\":\"ImageObject\",\"inLanguage\":\"en-US\",\"@id\":\"https:\/\/disenistico.com\/producto\/producto\/#primaryimage\",\"url\":\"https:\/\/disenistico.com\/wp-content\/uploads\/gift-cards-05-1-scaled.jpeg\",\"contentUrl\":\"https:\/\/disenistico.com\/wp-content\/uploads\/gift-cards-05-1-scaled.jpeg\",\"width\":2560,\"height\":2560},{\"@type\":\"BreadcrumbList\",\"@id\":\"https:\/\/disenistico.com\/producto\/producto\/#breadcrumb\",\"itemListElement\":[{\"@type\":\"ListItem\",\"position\":1,\"name\":\"Portada\",\"item\":\"https:\/\/disenistico.com\/\"},{\"@type\":\"ListItem\",\"position\":2,\"name\":\"Tienda Dise\u00f1\u00edstica\",\"item\":\"https:\/\/disenistico.com\/tienda-disenistica\/\"},{\"@type\":\"ListItem\",\"position\":3,\"name\":\"Producto\"}]},{\"@type\":\"WebSite\",\"@id\":\"https:\/\/disenistico.com\/#website\",\"url\":\"https:\/\/disenistico.com\/\",\"name\":\"Dise\u00f1\u00edstico\",\"description\":\"\u00a1Muebles dise\u00f1ados para cada espacio de tu hogar!\",\"publisher\":{\"@id\":\"https:\/\/disenistico.com\/#organization\"},\"alternateName\":\"Dise\u00f1\u00edstico\",\"potentialAction\":[{\"@type\":\"SearchAction\",\"target\":{\"@type\":\"EntryPoint\",\"urlTemplate\":\"https:\/\/disenistico.com\/?s={search_term_string}\"},\"query-input\":{\"@type\":\"PropertyValueSpecification\",\"valueRequired\":true,\"valueName\":\"search_term_string\"}}],\"inLanguage\":\"en-US\"},{\"@type\":\"Organization\",\"@id\":\"https:\/\/disenistico.com\/#organization\",\"name\":\"Dise\u00f1\u00edstico\",\"alternateName\":\"Dise\u00f1\u00edstico\",\"url\":\"https:\/\/disenistico.com\/\",\"logo\":{\"@type\":\"ImageObject\",\"inLanguage\":\"en-US\",\"@id\":\"https:\/\/disenistico.com\/#\/schema\/logo\/image\/\",\"url\":\"https:\/\/disenistico.com\/wp-content\/uploads\/disenistico.jpeg\",\"contentUrl\":\"https:\/\/disenistico.com\/wp-content\/uploads\/disenistico.jpeg\",\"width\":1600,\"height\":835,\"caption\":\"Dise\u00f1\u00edstico\"},\"image\":{\"@id\":\"https:\/\/disenistico.com\/#\/schema\/logo\/image\/\"},\"sameAs\":[\"https:\/\/www.facebook.com\/disenistico.cr\",\"https:\/\/www.instagram.com\/disenistico.cr\/\",\"https:\/\/www.tiktok.com\/@disenistico.cr\",\"https:\/\/www.linkedin.com\/in\/sofa-alpzar-baltodano-475488168\/\",\"https:\/\/www.youtube.com\/@disenistico5457\"]}]}<\/script>\n<!-- \/ Yoast SEO plugin. -->","yoast_head_json":{"title":"Producto - Dise\u00f1\u00edstico","robots":{"index":"index","follow":"follow","max-snippet":"max-snippet:-1","max-image-preview":"max-image-preview:large","max-video-preview":"max-video-preview:-1"},"canonical":"https:\/\/disenistico.com\/en\/product\/producto\/","og_locale":"en_US","og_type":"article","og_title":"Producto - Dise\u00f1\u00edstico","og_description":"Tarjetas de regalo seg\u00fan tu presupuesto y tipo de regalo \ud83e\ude77","og_url":"https:\/\/disenistico.com\/en\/product\/producto\/","og_site_name":"Dise\u00f1\u00edstico","article_publisher":"https:\/\/www.facebook.com\/disenistico.cr","article_modified_time":"2024-11-19T02:34:12+00:00","og_image":[{"width":2560,"height":2560,"url":"https:\/\/disenistico.com\/wp-content\/uploads\/gift-cards-scaled.jpeg","type":"image\/jpeg"}],"twitter_card":"summary_large_image","schema":{"@context":"https:\/\/schema.org","@graph":[{"@type":"WebPage","@id":"https:\/\/disenistico.com\/producto\/producto\/","url":"https:\/\/disenistico.com\/producto\/producto\/","name":"Producto - Dise\u00f1\u00edstico","isPartOf":{"@id":"https:\/\/disenistico.com\/#website"},"primaryImageOfPage":{"@id":"https:\/\/disenistico.com\/producto\/producto\/#primaryimage"},"image":{"@id":"https:\/\/disenistico.com\/producto\/producto\/#primaryimage"},"thumbnailUrl":"https:\/\/disenistico.com\/wp-content\/uploads\/gift-cards-05-1-scaled.jpeg","datePublished":"2024-11-19T02:28:44+00:00","dateModified":"2024-11-19T02:34:12+00:00","breadcrumb":{"@id":"https:\/\/disenistico.com\/producto\/producto\/#breadcrumb"},"inLanguage":"en-US","potentialAction":[{"@type":"ReadAction","target":["https:\/\/disenistico.com\/producto\/producto\/"]}]},{"@type":"ImageObject","inLanguage":"en-US","@id":"https:\/\/disenistico.com\/producto\/producto\/#primaryimage","url":"https:\/\/disenistico.com\/wp-content\/uploads\/gift-cards-05-1-scaled.jpeg","contentUrl":"https:\/\/disenistico.com\/wp-content\/uploads\/gift-cards-05-1-scaled.jpeg","width":2560,"height":2560},{"@type":"BreadcrumbList","@id":"https:\/\/disenistico.com\/producto\/producto\/#breadcrumb","itemListElement":[{"@type":"ListItem","position":1,"name":"Portada","item":"https:\/\/disenistico.com\/"},{"@type":"ListItem","position":2,"name":"Tienda Dise\u00f1\u00edstica","item":"https:\/\/disenistico.com\/tienda-disenistica\/"},{"@type":"ListItem","position":3,"name":"Producto"}]},{"@type":"WebSite","@id":"https:\/\/disenistico.com\/#website","url":"https:\/\/disenistico.com\/","name":"Dise\u00f1\u00edstico","description":"\u00a1Muebles dise\u00f1ados para cada espacio de tu hogar!","publisher":{"@id":"https:\/\/disenistico.com\/#organization"},"alternateName":"Dise\u00f1\u00edstico","potentialAction":[{"@type":"SearchAction","target":{"@type":"EntryPoint","urlTemplate":"https:\/\/disenistico.com\/?s={search_term_string}"},"query-input":{"@type":"PropertyValueSpecification","valueRequired":true,"valueName":"search_term_string"}}],"inLanguage":"en-US"},{"@type":"Organization","@id":"https:\/\/disenistico.com\/#organization","name":"Dise\u00f1\u00edstico","alternateName":"Dise\u00f1\u00edstico","url":"https:\/\/disenistico.com\/","logo":{"@type":"ImageObject","inLanguage":"en-US","@id":"https:\/\/disenistico.com\/#\/schema\/logo\/image\/","url":"https:\/\/disenistico.com\/wp-content\/uploads\/disenistico.jpeg","contentUrl":"https:\/\/disenistico.com\/wp-content\/uploads\/disenistico.jpeg","width":1600,"height":835,"caption":"Dise\u00f1\u00edstico"},"image":{"@id":"https:\/\/disenistico.com\/#\/schema\/logo\/image\/"},"sameAs":["https:\/\/www.facebook.com\/disenistico.cr","https:\/\/www.instagram.com\/disenistico.cr\/","https:\/\/www.tiktok.com\/@disenistico.cr","https:\/\/www.linkedin.com\/in\/sofa-alpzar-baltodano-475488168\/","https:\/\/www.youtube.com\/@disenistico5457"]}]}},"jetpack_sharing_enabled":true,"_links":{"self":[{"href":"https:\/\/disenistico.com\/en\/wp-json\/wp\/v2\/product\/2263","targetHints":{"allow":["GET"]}}],"collection":[{"href":"https:\/\/disenistico.com\/en\/wp-json\/wp\/v2\/product"}],"about":[{"href":"https:\/\/disenistico.com\/en\/wp-json\/wp\/v2\/types\/product"}],"wp:featuredmedia":[{"embeddable":true,"href":"https:\/\/disenistico.com\/en\/wp-json\/wp\/v2\/media\/2276"}],"wp:attachment":[{"href":"https:\/\/disenistico.com\/en\/wp-json\/wp\/v2\/media?parent=2263"}],"wp:term":[{"taxonomy":"product_brand","embeddable":true,"href":"https:\/\/disenistico.com\/en\/wp-json\/wp\/v2\/product_brand?post=2263"},{"taxonomy":"product_cat","embeddable":true,"href":"https:\/\/disenistico.com\/en\/wp-json\/wp\/v2\/product_cat?post=2263"},{"taxonomy":"product_tag","embeddable":true,"href":"https:\/\/disenistico.com\/en\/wp-json\/wp\/v2\/product_tag?post=2263"}],"curies":[{"name":"wp","href":"https:\/\/api.w.org\/{rel}","templated":true}]}}