{"id":2030,"date":"2024-10-03T14:59:10","date_gmt":"2024-10-03T20:59:10","guid":{"rendered":"https:\/\/disenistico.com\/?post_type=product&#038;p=2030"},"modified":"2025-01-14T21:58:25","modified_gmt":"2025-01-15T03:58:25","slug":"taller-herramientas-disenisticas-%c2%b7-sabado-16-noviembre","status":"publish","type":"product","link":"https:\/\/disenistico.com\/en\/product\/taller-herramientas-disenisticas-%c2%b7-sabado-16-noviembre\/","title":{"rendered":"Dise\u00f1\u00edstico's Tools Workshop \u00b7  Saturday 16 November"},"content":{"rendered":"<p>Choose which project you want to carry out and come to our dise\u00f1\u00edstico's workshop to learn in a safe, creative environment and get empowered in the use of power tools. The dise\u00f1\u00edstico's workshops are designed for people to learn how to use power tools and make their own improvements to their homes. We have several types of projects. Prices vary between them due to the cost of the material. Swipe each image so you can read all the complete info.<\/p>\n<p>The workshop includes:<\/p>\n<ul>\n<li>Using Tools<\/li>\n<li>Materials<\/li>\n<li>Small snack. (If you are intolerant, you have any restrictions, indicate it in the purchase observations)<\/li>\n<li>Calibrating Rule<\/li>\n<li>Surprise hand tool<\/li>\n<li>Dise\u00f1\u00edstico Toolbox Edition 1.<\/li>\n<\/ul>\n<p>The workshop takes place in Dise\u00f1\u00edstico, (search for Waze) on route 32, if you have to go by bus, we send you the bus route, the location from San Jos\u00e9 and the instructions so that you can get there with peace of mind.<\/p>\n<p>The workshop starts at 8:30 and ends at 3:00 pm (approx), but we never finish exactly.<\/p>\n<p>Dise\u00f1\u00edstico is a place free of judgment, the workshop is focused on people who do not have knowledge so making mistakes, damaging parts, having to start over, rethinking measures and solving are vital principles, we never expect perfect results because the idea is that people learn in a comprehensive way, both the use of the tools and to do the project.<\/p>","protected":false},"excerpt":{"rendered":"<p>The workshops are back! Choose which project you want to carry out and come to our design workshop to learn in a safe, creative environment and get empowered in the use of power tools.<\/p>","protected":false},"featured_media":1045,"template":"","meta":[],"product_brand":[],"product_cat":[72],"product_tag":[],"class_list":{"0":"post-2030","1":"product","2":"type-product","3":"status-publish","4":"has-post-thumbnail","6":"product_cat-talleres","8":"first","9":"instock","10":"shipping-taxable","11":"purchasable","12":"product-type-variable"},"yoast_head":"<!-- This site is optimized with the Yoast SEO plugin v26.9 - https:\/\/yoast.com\/product\/yoast-seo-wordpress\/ -->\n<title>Taller Herramientas Dise\u00f1\u00edsticas \u00b7 S\u00e1bado 16 noviembre - Dise\u00f1\u00edstico<\/title>\n<meta name=\"robots\" content=\"index, follow, max-snippet:-1, max-image-preview:large, max-video-preview:-1\" \/>\n<link rel=\"canonical\" href=\"https:\/\/disenistico.com\/en\/product\/taller-herramientas-disenisticas-\u00b7-sabado-16-noviembre\/\" \/>\n<meta property=\"og:locale\" content=\"en_US\" \/>\n<meta property=\"og:type\" content=\"article\" \/>\n<meta property=\"og:title\" content=\"Taller Herramientas Dise\u00f1\u00edsticas \u00b7 S\u00e1bado 16 noviembre - Dise\u00f1\u00edstico\" \/>\n<meta property=\"og:description\" content=\"\u00a1Los talleres est\u00e1n de vuelta! Elige que proyecto quieres realizar y ven a nuestro taller dise\u00f1\u00edstico a aprender en un ambiente seguro, creativo y empod\u00e9rate en el uso de herramientas el\u00e9ctricas.\" \/>\n<meta property=\"og:url\" content=\"https:\/\/disenistico.com\/en\/product\/taller-herramientas-disenisticas-\u00b7-sabado-16-noviembre\/\" \/>\n<meta property=\"og:site_name\" content=\"Dise\u00f1\u00edstico\" \/>\n<meta property=\"article:publisher\" content=\"https:\/\/www.facebook.com\/disenistico.cr\" \/>\n<meta property=\"article:modified_time\" content=\"2025-01-15T03:58:25+00:00\" \/>\n<meta property=\"og:image\" content=\"https:\/\/disenistico.com\/wp-content\/uploads\/taller_herramientas1.webp\" \/>\n\t<meta property=\"og:image:width\" content=\"900\" \/>\n\t<meta property=\"og:image:height\" content=\"900\" \/>\n\t<meta property=\"og:image:type\" content=\"image\/webp\" \/>\n<meta name=\"twitter:card\" content=\"summary_large_image\" \/>\n<meta name=\"twitter:label1\" content=\"Est. reading time\" \/>\n\t<meta name=\"twitter:data1\" content=\"2 minutes\" \/>\n<script type=\"application\/ld+json\" class=\"yoast-schema-graph\">{\"@context\":\"https:\/\/schema.org\",\"@graph\":[{\"@type\":\"WebPage\",\"@id\":\"https:\/\/disenistico.com\/producto\/taller-herramientas-disenisticas-%c2%b7-sabado-16-noviembre\/\",\"url\":\"https:\/\/disenistico.com\/producto\/taller-herramientas-disenisticas-%c2%b7-sabado-16-noviembre\/\",\"name\":\"Taller Herramientas Dise\u00f1\u00edsticas \u00b7 S\u00e1bado 16 noviembre - Dise\u00f1\u00edstico\",\"isPartOf\":{\"@id\":\"https:\/\/disenistico.com\/#website\"},\"primaryImageOfPage\":{\"@id\":\"https:\/\/disenistico.com\/producto\/taller-herramientas-disenisticas-%c2%b7-sabado-16-noviembre\/#primaryimage\"},\"image\":{\"@id\":\"https:\/\/disenistico.com\/producto\/taller-herramientas-disenisticas-%c2%b7-sabado-16-noviembre\/#primaryimage\"},\"thumbnailUrl\":\"https:\/\/disenistico.com\/wp-content\/uploads\/taller_herramientas1.webp\",\"datePublished\":\"2024-10-03T20:59:10+00:00\",\"dateModified\":\"2025-01-15T03:58:25+00:00\",\"breadcrumb\":{\"@id\":\"https:\/\/disenistico.com\/producto\/taller-herramientas-disenisticas-%c2%b7-sabado-16-noviembre\/#breadcrumb\"},\"inLanguage\":\"en-US\",\"potentialAction\":[{\"@type\":\"ReadAction\",\"target\":[\"https:\/\/disenistico.com\/producto\/taller-herramientas-disenisticas-%c2%b7-sabado-16-noviembre\/\"]}]},{\"@type\":\"ImageObject\",\"inLanguage\":\"en-US\",\"@id\":\"https:\/\/disenistico.com\/producto\/taller-herramientas-disenisticas-%c2%b7-sabado-16-noviembre\/#primaryimage\",\"url\":\"https:\/\/disenistico.com\/wp-content\/uploads\/taller_herramientas1.webp\",\"contentUrl\":\"https:\/\/disenistico.com\/wp-content\/uploads\/taller_herramientas1.webp\",\"width\":900,\"height\":900,\"caption\":\"Tarjeta Herramientas\"},{\"@type\":\"BreadcrumbList\",\"@id\":\"https:\/\/disenistico.com\/producto\/taller-herramientas-disenisticas-%c2%b7-sabado-16-noviembre\/#breadcrumb\",\"itemListElement\":[{\"@type\":\"ListItem\",\"position\":1,\"name\":\"Portada\",\"item\":\"https:\/\/disenistico.com\/\"},{\"@type\":\"ListItem\",\"position\":2,\"name\":\"Tienda Dise\u00f1\u00edstica\",\"item\":\"https:\/\/disenistico.com\/tienda-disenistica\/\"},{\"@type\":\"ListItem\",\"position\":3,\"name\":\"Taller Herramientas Dise\u00f1\u00edsticas \u00b7 S\u00e1bado 16 noviembre\"}]},{\"@type\":\"WebSite\",\"@id\":\"https:\/\/disenistico.com\/#website\",\"url\":\"https:\/\/disenistico.com\/\",\"name\":\"Dise\u00f1\u00edstico\",\"description\":\"\u00a1Muebles dise\u00f1ados para cada espacio de tu hogar!\",\"publisher\":{\"@id\":\"https:\/\/disenistico.com\/#organization\"},\"alternateName\":\"Dise\u00f1\u00edstico\",\"potentialAction\":[{\"@type\":\"SearchAction\",\"target\":{\"@type\":\"EntryPoint\",\"urlTemplate\":\"https:\/\/disenistico.com\/?s={search_term_string}\"},\"query-input\":{\"@type\":\"PropertyValueSpecification\",\"valueRequired\":true,\"valueName\":\"search_term_string\"}}],\"inLanguage\":\"en-US\"},{\"@type\":\"Organization\",\"@id\":\"https:\/\/disenistico.com\/#organization\",\"name\":\"Dise\u00f1\u00edstico\",\"alternateName\":\"Dise\u00f1\u00edstico\",\"url\":\"https:\/\/disenistico.com\/\",\"logo\":{\"@type\":\"ImageObject\",\"inLanguage\":\"en-US\",\"@id\":\"https:\/\/disenistico.com\/#\/schema\/logo\/image\/\",\"url\":\"https:\/\/disenistico.com\/wp-content\/uploads\/disenistico.jpeg\",\"contentUrl\":\"https:\/\/disenistico.com\/wp-content\/uploads\/disenistico.jpeg\",\"width\":1600,\"height\":835,\"caption\":\"Dise\u00f1\u00edstico\"},\"image\":{\"@id\":\"https:\/\/disenistico.com\/#\/schema\/logo\/image\/\"},\"sameAs\":[\"https:\/\/www.facebook.com\/disenistico.cr\",\"https:\/\/www.instagram.com\/disenistico.cr\/\",\"https:\/\/www.tiktok.com\/@disenistico.cr\",\"https:\/\/www.linkedin.com\/in\/sofa-alpzar-baltodano-475488168\/\",\"https:\/\/www.youtube.com\/@disenistico5457\"]}]}<\/script>\n<!-- \/ Yoast SEO plugin. -->","yoast_head_json":{"title":"Taller Herramientas Dise\u00f1\u00edsticas \u00b7 S\u00e1bado 16 noviembre - Dise\u00f1\u00edstico","robots":{"index":"index","follow":"follow","max-snippet":"max-snippet:-1","max-image-preview":"max-image-preview:large","max-video-preview":"max-video-preview:-1"},"canonical":"https:\/\/disenistico.com\/en\/product\/taller-herramientas-disenisticas-\u00b7-sabado-16-noviembre\/","og_locale":"en_US","og_type":"article","og_title":"Taller Herramientas Dise\u00f1\u00edsticas \u00b7 S\u00e1bado 16 noviembre - Dise\u00f1\u00edstico","og_description":"\u00a1Los talleres est\u00e1n de vuelta! Elige que proyecto quieres realizar y ven a nuestro taller dise\u00f1\u00edstico a aprender en un ambiente seguro, creativo y empod\u00e9rate en el uso de herramientas el\u00e9ctricas.","og_url":"https:\/\/disenistico.com\/en\/product\/taller-herramientas-disenisticas-\u00b7-sabado-16-noviembre\/","og_site_name":"Dise\u00f1\u00edstico","article_publisher":"https:\/\/www.facebook.com\/disenistico.cr","article_modified_time":"2025-01-15T03:58:25+00:00","og_image":[{"width":900,"height":900,"url":"https:\/\/disenistico.com\/wp-content\/uploads\/taller_herramientas1.webp","type":"image\/webp"}],"twitter_card":"summary_large_image","twitter_misc":{"Est. reading time":"2 minutes"},"schema":{"@context":"https:\/\/schema.org","@graph":[{"@type":"WebPage","@id":"https:\/\/disenistico.com\/producto\/taller-herramientas-disenisticas-%c2%b7-sabado-16-noviembre\/","url":"https:\/\/disenistico.com\/producto\/taller-herramientas-disenisticas-%c2%b7-sabado-16-noviembre\/","name":"Taller Herramientas Dise\u00f1\u00edsticas \u00b7 S\u00e1bado 16 noviembre - Dise\u00f1\u00edstico","isPartOf":{"@id":"https:\/\/disenistico.com\/#website"},"primaryImageOfPage":{"@id":"https:\/\/disenistico.com\/producto\/taller-herramientas-disenisticas-%c2%b7-sabado-16-noviembre\/#primaryimage"},"image":{"@id":"https:\/\/disenistico.com\/producto\/taller-herramientas-disenisticas-%c2%b7-sabado-16-noviembre\/#primaryimage"},"thumbnailUrl":"https:\/\/disenistico.com\/wp-content\/uploads\/taller_herramientas1.webp","datePublished":"2024-10-03T20:59:10+00:00","dateModified":"2025-01-15T03:58:25+00:00","breadcrumb":{"@id":"https:\/\/disenistico.com\/producto\/taller-herramientas-disenisticas-%c2%b7-sabado-16-noviembre\/#breadcrumb"},"inLanguage":"en-US","potentialAction":[{"@type":"ReadAction","target":["https:\/\/disenistico.com\/producto\/taller-herramientas-disenisticas-%c2%b7-sabado-16-noviembre\/"]}]},{"@type":"ImageObject","inLanguage":"en-US","@id":"https:\/\/disenistico.com\/producto\/taller-herramientas-disenisticas-%c2%b7-sabado-16-noviembre\/#primaryimage","url":"https:\/\/disenistico.com\/wp-content\/uploads\/taller_herramientas1.webp","contentUrl":"https:\/\/disenistico.com\/wp-content\/uploads\/taller_herramientas1.webp","width":900,"height":900,"caption":"Tarjeta Herramientas"},{"@type":"BreadcrumbList","@id":"https:\/\/disenistico.com\/producto\/taller-herramientas-disenisticas-%c2%b7-sabado-16-noviembre\/#breadcrumb","itemListElement":[{"@type":"ListItem","position":1,"name":"Portada","item":"https:\/\/disenistico.com\/"},{"@type":"ListItem","position":2,"name":"Tienda Dise\u00f1\u00edstica","item":"https:\/\/disenistico.com\/tienda-disenistica\/"},{"@type":"ListItem","position":3,"name":"Taller Herramientas Dise\u00f1\u00edsticas \u00b7 S\u00e1bado 16 noviembre"}]},{"@type":"WebSite","@id":"https:\/\/disenistico.com\/#website","url":"https:\/\/disenistico.com\/","name":"Dise\u00f1\u00edstico","description":"\u00a1Muebles dise\u00f1ados para cada espacio de tu hogar!","publisher":{"@id":"https:\/\/disenistico.com\/#organization"},"alternateName":"Dise\u00f1\u00edstico","potentialAction":[{"@type":"SearchAction","target":{"@type":"EntryPoint","urlTemplate":"https:\/\/disenistico.com\/?s={search_term_string}"},"query-input":{"@type":"PropertyValueSpecification","valueRequired":true,"valueName":"search_term_string"}}],"inLanguage":"en-US"},{"@type":"Organization","@id":"https:\/\/disenistico.com\/#organization","name":"Dise\u00f1\u00edstico","alternateName":"Dise\u00f1\u00edstico","url":"https:\/\/disenistico.com\/","logo":{"@type":"ImageObject","inLanguage":"en-US","@id":"https:\/\/disenistico.com\/#\/schema\/logo\/image\/","url":"https:\/\/disenistico.com\/wp-content\/uploads\/disenistico.jpeg","contentUrl":"https:\/\/disenistico.com\/wp-content\/uploads\/disenistico.jpeg","width":1600,"height":835,"caption":"Dise\u00f1\u00edstico"},"image":{"@id":"https:\/\/disenistico.com\/#\/schema\/logo\/image\/"},"sameAs":["https:\/\/www.facebook.com\/disenistico.cr","https:\/\/www.instagram.com\/disenistico.cr\/","https:\/\/www.tiktok.com\/@disenistico.cr","https:\/\/www.linkedin.com\/in\/sofa-alpzar-baltodano-475488168\/","https:\/\/www.youtube.com\/@disenistico5457"]}]}},"jetpack_sharing_enabled":true,"_links":{"self":[{"href":"https:\/\/disenistico.com\/en\/wp-json\/wp\/v2\/product\/2030","targetHints":{"allow":["GET"]}}],"collection":[{"href":"https:\/\/disenistico.com\/en\/wp-json\/wp\/v2\/product"}],"about":[{"href":"https:\/\/disenistico.com\/en\/wp-json\/wp\/v2\/types\/product"}],"wp:featuredmedia":[{"embeddable":true,"href":"https:\/\/disenistico.com\/en\/wp-json\/wp\/v2\/media\/1045"}],"wp:attachment":[{"href":"https:\/\/disenistico.com\/en\/wp-json\/wp\/v2\/media?parent=2030"}],"wp:term":[{"taxonomy":"product_brand","embeddable":true,"href":"https:\/\/disenistico.com\/en\/wp-json\/wp\/v2\/product_brand?post=2030"},{"taxonomy":"product_cat","embeddable":true,"href":"https:\/\/disenistico.com\/en\/wp-json\/wp\/v2\/product_cat?post=2030"},{"taxonomy":"product_tag","embeddable":true,"href":"https:\/\/disenistico.com\/en\/wp-json\/wp\/v2\/product_tag?post=2030"}],"curies":[{"name":"wp","href":"https:\/\/api.w.org\/{rel}","templated":true}]}}