{"id":14,"date":"2024-03-15T23:20:39","date_gmt":"2024-03-16T05:20:39","guid":{"rendered":"https:\/\/disenistico.com\/?page_id=14"},"modified":"2024-05-11T11:49:18","modified_gmt":"2024-05-11T17:49:18","slug":"muebles-disenados-para-cada-espacio-de-tu-hogar","status":"publish","type":"page","link":"https:\/\/disenistico.com\/en\/","title":{"rendered":"Dise\u00f1\u00edstico"},"content":{"rendered":"<h1 class=\"wp-block-heading\">Muebles dise\u00f1ados para cada espacio de tu hogar<\/h1>\n\n\n\n<p>Dise\u00f1\u00edstico es un negocio donde se\u00a0<strong>promueve la creatividad<\/strong>\u00a0y la exploraci\u00f3n. Dise\u00f1amos muebles utilitarios, brindamos asesor\u00eda en dise\u00f1o interno y arquitectura e impartimos talleres de artes manuales como herramienta de aprendizaje y empoderamiento.<\/p>\n\n\n\n<p>Somos un\u00a0<strong>negocio de mujeres<\/strong>\u00a0en un sector comercial dominado y liderado por hombres desde tiempos antiguos.\u00a0<strong>Sof\u00eda Alp\u00edzar es nuestra lider<\/strong>, la cual la podr\u00e1n encontrar desde trabajando en el taller, haciendo entregas en el cami\u00f3n, dise\u00f1ando o bien apoy\u00e1ndote en cada proyecto.<\/p>\n\n\n\n<h2 class=\"wp-block-heading\">We're more than just a furniture business<\/h2>\n\n\n\n<p>At Dise\u00f1\u00edstico we create value for society. Our purpose is to empower people through our training workshops, quality products that are sustainable at the same time. Thanks to our methodology and strategy, we do NOT generate waste at any stage of production.<\/p>\n\n\n\n<p>In our workshops, people learn how to use tools from screwdriver to drill, miter saw or jigsaw. If you thought you had no ability or that you have clumsy hands, at Dise\u00f1\u00edstico we teach you to rediscover or develop new skills, overcome your fears, channel that anxiety and energy, share and learn through creativity.<\/p>\n\n\n\n<p>We are not a traditional workshop. In this business, women are the ones who transform, define trends, manufacture, drive trucks, negotiate with suppliers and break the masculine scheme of traditional workshops.<\/p>\n\n\n\n<h2 class=\"wp-block-heading\">Do you know how to use the drill or the hand \/ power tools?<\/h2>\n\n\n\n<p>The tools are for everyone! They are not just for those who are creative, for men or for skilled people. We have designed powerful workshops for people to learn how to use hand and power tools, so that they can overcome their fears, take that knowledge to their homes and be able to carry out interventions on their own, to have a better quality of life.<\/p>\n\n\n\n<p><a href=\"https:\/\/disenistico.com\/en\/contacto\/\">Contact Us<\/a><\/p>\n\n\n\n<p>S\u00edguenos en nuestras redes:<\/p>\n\n\n\n<p>Facebook: <a href=\"https:\/\/www.facebook.com\/disenistico.cr\" target=\"_blank\" rel=\"noreferrer noopener\">https:\/\/www.facebook.com\/disenistico.cr<\/a><\/p>\n\n\n\n<p>Instagram: <a href=\"https:\/\/www.instagram.com\/disenistico.cr\/\" target=\"_blank\" rel=\"noreferrer noopener\">https:\/\/www.instagram.com\/disenistico.cr\/<\/a><\/p>\n\n\n\n<p>TikTok: <a href=\"https:\/\/www.tiktok.com\/@disenistico.cr\" target=\"_blank\" rel=\"noreferrer noopener\">https:\/\/www.tiktok.com\/@disenistico.cr<\/a><\/p>\n\n\n\n<p>Linkedin: <a href=\"https:\/\/www.linkedin.com\/in\/sof%C3%ADa-alp%C3%ADzar-baltodano-475488168\/\" target=\"_blank\" rel=\"noreferrer noopener\">https:\/\/www.linkedin.com\/in\/sof%C3%ADa-alp%C3%ADzar-baltodano-475488168\/<\/a><\/p>\n\n\n\n<p>YouTube: <a href=\"https:\/\/www.youtube.com\/@disenistico5457\" target=\"_blank\" rel=\"noreferrer noopener\">https:\/\/www.youtube.com\/@disenistico5457<\/a><\/p>","protected":false},"excerpt":{"rendered":"<p>Muebles dise\u00f1ados para cada espacio de tu hogar Dise\u00f1\u00edstico es un negocio donde se\u00a0promueve la creatividad\u00a0y la exploraci\u00f3n. Dise\u00f1amos muebles utilitarios, brindamos asesor\u00eda en dise\u00f1o interno y arquitectura e impartimos talleres de artes manuales como herramienta de aprendizaje y empoderamiento. Somos un\u00a0negocio de mujeres\u00a0en un sector comercial dominado y liderado por hombres desde tiempos antiguos.\u00a0Sof\u00eda [&hellip;]<\/p>","protected":false},"author":1,"featured_media":1165,"parent":0,"menu_order":0,"comment_status":"closed","ping_status":"closed","template":"","meta":{"footnotes":""},"class_list":["post-14","page","type-page","status-publish","has-post-thumbnail","hentry"],"yoast_head":"<!-- This site is optimized with the Yoast SEO plugin v26.9 - https:\/\/yoast.com\/product\/yoast-seo-wordpress\/ -->\n<title>\u00a1Muebles dise\u00f1ados para cada espacio de tu hogar! - Dise\u00f1\u00edstico<\/title>\n<meta name=\"description\" content=\"Dise\u00f1amos muebles utilitarios, brindamos asesor\u00eda en dise\u00f1o interno y arquitectura e impartimos talleres de artes manuales.\" \/>\n<meta name=\"robots\" content=\"index, follow, max-snippet:-1, max-image-preview:large, max-video-preview:-1\" \/>\n<link rel=\"canonical\" href=\"https:\/\/disenistico.com\/en\/\" \/>\n<meta property=\"og:locale\" content=\"en_US\" \/>\n<meta property=\"og:type\" content=\"article\" \/>\n<meta property=\"og:title\" content=\"\u00a1Muebles dise\u00f1ados para cada espacio de tu hogar! - Dise\u00f1\u00edstico\" \/>\n<meta property=\"og:description\" content=\"Dise\u00f1amos muebles utilitarios, brindamos asesor\u00eda en dise\u00f1o interno y arquitectura e impartimos talleres de artes manuales.\" \/>\n<meta property=\"og:url\" content=\"https:\/\/disenistico.com\/en\/\" \/>\n<meta property=\"og:site_name\" content=\"Dise\u00f1\u00edstico\" \/>\n<meta property=\"article:publisher\" content=\"https:\/\/www.facebook.com\/disenistico.cr\" \/>\n<meta property=\"article:modified_time\" content=\"2024-05-11T17:49:18+00:00\" \/>\n<meta property=\"og:image\" content=\"https:\/\/disenistico.com\/wp-content\/uploads\/sofia_alpizar.jpg\" \/>\n\t<meta property=\"og:image:width\" content=\"1280\" \/>\n\t<meta property=\"og:image:height\" content=\"1920\" \/>\n\t<meta property=\"og:image:type\" content=\"image\/jpeg\" \/>\n<meta name=\"twitter:card\" content=\"summary_large_image\" \/>\n<meta name=\"twitter:label1\" content=\"Est. reading time\" \/>\n\t<meta name=\"twitter:data1\" content=\"2 minutes\" \/>\n<script type=\"application\/ld+json\" class=\"yoast-schema-graph\">{\"@context\":\"https:\/\/schema.org\",\"@graph\":[{\"@type\":\"WebPage\",\"@id\":\"https:\/\/disenistico.com\/\",\"url\":\"https:\/\/disenistico.com\/\",\"name\":\"\u00a1Muebles dise\u00f1ados para cada espacio de tu hogar! - Dise\u00f1\u00edstico\",\"isPartOf\":{\"@id\":\"https:\/\/disenistico.com\/#website\"},\"primaryImageOfPage\":{\"@id\":\"https:\/\/disenistico.com\/#primaryimage\"},\"image\":{\"@id\":\"https:\/\/disenistico.com\/#primaryimage\"},\"thumbnailUrl\":\"https:\/\/disenistico.com\/wp-content\/uploads\/sofia_alpizar.jpg\",\"datePublished\":\"2024-03-16T05:20:39+00:00\",\"dateModified\":\"2024-05-11T17:49:18+00:00\",\"description\":\"Dise\u00f1amos muebles utilitarios, brindamos asesor\u00eda en dise\u00f1o interno y arquitectura e impartimos talleres de artes manuales.\",\"breadcrumb\":{\"@id\":\"https:\/\/disenistico.com\/#breadcrumb\"},\"inLanguage\":\"en-US\",\"potentialAction\":[{\"@type\":\"ReadAction\",\"target\":[\"https:\/\/disenistico.com\/\"]}]},{\"@type\":\"ImageObject\",\"inLanguage\":\"en-US\",\"@id\":\"https:\/\/disenistico.com\/#primaryimage\",\"url\":\"https:\/\/disenistico.com\/wp-content\/uploads\/sofia_alpizar.jpg\",\"contentUrl\":\"https:\/\/disenistico.com\/wp-content\/uploads\/sofia_alpizar.jpg\",\"width\":1280,\"height\":1920,\"caption\":\"Sof\u00eda Alp\u00edzar\"},{\"@type\":\"BreadcrumbList\",\"@id\":\"https:\/\/disenistico.com\/#breadcrumb\",\"itemListElement\":[{\"@type\":\"ListItem\",\"position\":1,\"name\":\"Portada\",\"item\":\"https:\/\/disenistico.com\/\"},{\"@type\":\"ListItem\",\"position\":2,\"name\":\"Dise\u00f1\u00edstico\"}]},{\"@type\":\"WebSite\",\"@id\":\"https:\/\/disenistico.com\/#website\",\"url\":\"https:\/\/disenistico.com\/\",\"name\":\"Dise\u00f1\u00edstico\",\"description\":\"\u00a1Muebles dise\u00f1ados para cada espacio de tu hogar!\",\"publisher\":{\"@id\":\"https:\/\/disenistico.com\/#organization\"},\"alternateName\":\"Dise\u00f1\u00edstico\",\"potentialAction\":[{\"@type\":\"SearchAction\",\"target\":{\"@type\":\"EntryPoint\",\"urlTemplate\":\"https:\/\/disenistico.com\/?s={search_term_string}\"},\"query-input\":{\"@type\":\"PropertyValueSpecification\",\"valueRequired\":true,\"valueName\":\"search_term_string\"}}],\"inLanguage\":\"en-US\"},{\"@type\":\"Organization\",\"@id\":\"https:\/\/disenistico.com\/#organization\",\"name\":\"Dise\u00f1\u00edstico\",\"alternateName\":\"Dise\u00f1\u00edstico\",\"url\":\"https:\/\/disenistico.com\/\",\"logo\":{\"@type\":\"ImageObject\",\"inLanguage\":\"en-US\",\"@id\":\"https:\/\/disenistico.com\/#\/schema\/logo\/image\/\",\"url\":\"https:\/\/disenistico.com\/wp-content\/uploads\/disenistico.jpeg\",\"contentUrl\":\"https:\/\/disenistico.com\/wp-content\/uploads\/disenistico.jpeg\",\"width\":1600,\"height\":835,\"caption\":\"Dise\u00f1\u00edstico\"},\"image\":{\"@id\":\"https:\/\/disenistico.com\/#\/schema\/logo\/image\/\"},\"sameAs\":[\"https:\/\/www.facebook.com\/disenistico.cr\",\"https:\/\/www.instagram.com\/disenistico.cr\/\",\"https:\/\/www.tiktok.com\/@disenistico.cr\",\"https:\/\/www.linkedin.com\/in\/sofa-alpzar-baltodano-475488168\/\",\"https:\/\/www.youtube.com\/@disenistico5457\"]}]}<\/script>\n<!-- \/ Yoast SEO plugin. -->","yoast_head_json":{"title":"\u00a1Muebles dise\u00f1ados para cada espacio de tu hogar! - Dise\u00f1\u00edstico","description":"Dise\u00f1amos muebles utilitarios, brindamos asesor\u00eda en dise\u00f1o interno y arquitectura e impartimos talleres de artes manuales.","robots":{"index":"index","follow":"follow","max-snippet":"max-snippet:-1","max-image-preview":"max-image-preview:large","max-video-preview":"max-video-preview:-1"},"canonical":"https:\/\/disenistico.com\/en\/","og_locale":"en_US","og_type":"article","og_title":"\u00a1Muebles dise\u00f1ados para cada espacio de tu hogar! - Dise\u00f1\u00edstico","og_description":"Dise\u00f1amos muebles utilitarios, brindamos asesor\u00eda en dise\u00f1o interno y arquitectura e impartimos talleres de artes manuales.","og_url":"https:\/\/disenistico.com\/en\/","og_site_name":"Dise\u00f1\u00edstico","article_publisher":"https:\/\/www.facebook.com\/disenistico.cr","article_modified_time":"2024-05-11T17:49:18+00:00","og_image":[{"width":1280,"height":1920,"url":"https:\/\/disenistico.com\/wp-content\/uploads\/sofia_alpizar.jpg","type":"image\/jpeg"}],"twitter_card":"summary_large_image","twitter_misc":{"Est. reading time":"2 minutes"},"schema":{"@context":"https:\/\/schema.org","@graph":[{"@type":"WebPage","@id":"https:\/\/disenistico.com\/","url":"https:\/\/disenistico.com\/","name":"\u00a1Muebles dise\u00f1ados para cada espacio de tu hogar! - Dise\u00f1\u00edstico","isPartOf":{"@id":"https:\/\/disenistico.com\/#website"},"primaryImageOfPage":{"@id":"https:\/\/disenistico.com\/#primaryimage"},"image":{"@id":"https:\/\/disenistico.com\/#primaryimage"},"thumbnailUrl":"https:\/\/disenistico.com\/wp-content\/uploads\/sofia_alpizar.jpg","datePublished":"2024-03-16T05:20:39+00:00","dateModified":"2024-05-11T17:49:18+00:00","description":"Dise\u00f1amos muebles utilitarios, brindamos asesor\u00eda en dise\u00f1o interno y arquitectura e impartimos talleres de artes manuales.","breadcrumb":{"@id":"https:\/\/disenistico.com\/#breadcrumb"},"inLanguage":"en-US","potentialAction":[{"@type":"ReadAction","target":["https:\/\/disenistico.com\/"]}]},{"@type":"ImageObject","inLanguage":"en-US","@id":"https:\/\/disenistico.com\/#primaryimage","url":"https:\/\/disenistico.com\/wp-content\/uploads\/sofia_alpizar.jpg","contentUrl":"https:\/\/disenistico.com\/wp-content\/uploads\/sofia_alpizar.jpg","width":1280,"height":1920,"caption":"Sof\u00eda Alp\u00edzar"},{"@type":"BreadcrumbList","@id":"https:\/\/disenistico.com\/#breadcrumb","itemListElement":[{"@type":"ListItem","position":1,"name":"Portada","item":"https:\/\/disenistico.com\/"},{"@type":"ListItem","position":2,"name":"Dise\u00f1\u00edstico"}]},{"@type":"WebSite","@id":"https:\/\/disenistico.com\/#website","url":"https:\/\/disenistico.com\/","name":"Dise\u00f1\u00edstico","description":"\u00a1Muebles dise\u00f1ados para cada espacio de tu hogar!","publisher":{"@id":"https:\/\/disenistico.com\/#organization"},"alternateName":"Dise\u00f1\u00edstico","potentialAction":[{"@type":"SearchAction","target":{"@type":"EntryPoint","urlTemplate":"https:\/\/disenistico.com\/?s={search_term_string}"},"query-input":{"@type":"PropertyValueSpecification","valueRequired":true,"valueName":"search_term_string"}}],"inLanguage":"en-US"},{"@type":"Organization","@id":"https:\/\/disenistico.com\/#organization","name":"Dise\u00f1\u00edstico","alternateName":"Dise\u00f1\u00edstico","url":"https:\/\/disenistico.com\/","logo":{"@type":"ImageObject","inLanguage":"en-US","@id":"https:\/\/disenistico.com\/#\/schema\/logo\/image\/","url":"https:\/\/disenistico.com\/wp-content\/uploads\/disenistico.jpeg","contentUrl":"https:\/\/disenistico.com\/wp-content\/uploads\/disenistico.jpeg","width":1600,"height":835,"caption":"Dise\u00f1\u00edstico"},"image":{"@id":"https:\/\/disenistico.com\/#\/schema\/logo\/image\/"},"sameAs":["https:\/\/www.facebook.com\/disenistico.cr","https:\/\/www.instagram.com\/disenistico.cr\/","https:\/\/www.tiktok.com\/@disenistico.cr","https:\/\/www.linkedin.com\/in\/sofa-alpzar-baltodano-475488168\/","https:\/\/www.youtube.com\/@disenistico5457"]}]}},"jetpack_sharing_enabled":true,"_links":{"self":[{"href":"https:\/\/disenistico.com\/en\/wp-json\/wp\/v2\/pages\/14","targetHints":{"allow":["GET"]}}],"collection":[{"href":"https:\/\/disenistico.com\/en\/wp-json\/wp\/v2\/pages"}],"about":[{"href":"https:\/\/disenistico.com\/en\/wp-json\/wp\/v2\/types\/page"}],"author":[{"embeddable":true,"href":"https:\/\/disenistico.com\/en\/wp-json\/wp\/v2\/users\/1"}],"replies":[{"embeddable":true,"href":"https:\/\/disenistico.com\/en\/wp-json\/wp\/v2\/comments?post=14"}],"version-history":[{"count":2,"href":"https:\/\/disenistico.com\/en\/wp-json\/wp\/v2\/pages\/14\/revisions"}],"predecessor-version":[{"id":1278,"href":"https:\/\/disenistico.com\/en\/wp-json\/wp\/v2\/pages\/14\/revisions\/1278"}],"wp:featuredmedia":[{"embeddable":true,"href":"https:\/\/disenistico.com\/en\/wp-json\/wp\/v2\/media\/1165"}],"wp:attachment":[{"href":"https:\/\/disenistico.com\/en\/wp-json\/wp\/v2\/media?parent=14"}],"curies":[{"name":"wp","href":"https:\/\/api.w.org\/{rel}","templated":true}]}}