{"id":1386,"date":"2024-06-09T11:36:53","date_gmt":"2024-06-09T17:36:53","guid":{"rendered":"https:\/\/disenistico.com\/?page_id=1386"},"modified":"2024-06-09T11:36:55","modified_gmt":"2024-06-09T17:36:55","slug":"politicas-de-privacidad","status":"publish","type":"page","link":"https:\/\/disenistico.com\/en\/politicas-de-privacidad\/","title":{"rendered":"Privacy Policy"},"content":{"rendered":"","protected":false},"excerpt":{"rendered":"","protected":false},"author":3,"featured_media":0,"parent":0,"menu_order":16,"comment_status":"closed","ping_status":"closed","template":"","meta":{"footnotes":""},"class_list":["post-1386","page","type-page","status-publish","hentry"],"yoast_head":"<!-- This site is optimized with the Yoast SEO plugin v26.9 - https:\/\/yoast.com\/product\/yoast-seo-wordpress\/ -->\n<title>Pol\u00edticas de Privacidad - Dise\u00f1\u00edstico<\/title>\n<meta name=\"robots\" content=\"index, follow, max-snippet:-1, max-image-preview:large, max-video-preview:-1\" \/>\n<link rel=\"canonical\" href=\"https:\/\/disenistico.com\/en\/politicas-de-privacidad\/\" \/>\n<meta property=\"og:locale\" content=\"en_US\" \/>\n<meta property=\"og:type\" content=\"article\" \/>\n<meta property=\"og:title\" content=\"Pol\u00edticas de Privacidad - Dise\u00f1\u00edstico\" \/>\n<meta property=\"og:url\" content=\"https:\/\/disenistico.com\/en\/politicas-de-privacidad\/\" \/>\n<meta property=\"og:site_name\" content=\"Dise\u00f1\u00edstico\" \/>\n<meta property=\"article:publisher\" content=\"https:\/\/www.facebook.com\/disenistico.cr\" \/>\n<meta property=\"article:modified_time\" content=\"2024-06-09T17:36:55+00:00\" \/>\n<meta property=\"og:image\" content=\"https:\/\/disenistico.com\/wp-content\/uploads\/disenistico.jpeg\" \/>\n\t<meta property=\"og:image:width\" content=\"1600\" \/>\n\t<meta property=\"og:image:height\" content=\"835\" \/>\n\t<meta property=\"og:image:type\" content=\"image\/jpeg\" \/>\n<meta name=\"twitter:card\" content=\"summary_large_image\" \/>\n<script type=\"application\/ld+json\" class=\"yoast-schema-graph\">{\"@context\":\"https:\/\/schema.org\",\"@graph\":[{\"@type\":\"WebPage\",\"@id\":\"https:\/\/disenistico.com\/politicas-de-privacidad\/\",\"url\":\"https:\/\/disenistico.com\/politicas-de-privacidad\/\",\"name\":\"Pol\u00edticas de Privacidad - Dise\u00f1\u00edstico\",\"isPartOf\":{\"@id\":\"https:\/\/disenistico.com\/#website\"},\"datePublished\":\"2024-06-09T17:36:53+00:00\",\"dateModified\":\"2024-06-09T17:36:55+00:00\",\"breadcrumb\":{\"@id\":\"https:\/\/disenistico.com\/politicas-de-privacidad\/#breadcrumb\"},\"inLanguage\":\"en-US\",\"potentialAction\":[{\"@type\":\"ReadAction\",\"target\":[\"https:\/\/disenistico.com\/politicas-de-privacidad\/\"]}]},{\"@type\":\"BreadcrumbList\",\"@id\":\"https:\/\/disenistico.com\/politicas-de-privacidad\/#breadcrumb\",\"itemListElement\":[{\"@type\":\"ListItem\",\"position\":1,\"name\":\"Portada\",\"item\":\"https:\/\/disenistico.com\/\"},{\"@type\":\"ListItem\",\"position\":2,\"name\":\"Pol\u00edticas de Privacidad\"}]},{\"@type\":\"WebSite\",\"@id\":\"https:\/\/disenistico.com\/#website\",\"url\":\"https:\/\/disenistico.com\/\",\"name\":\"Dise\u00f1\u00edstico\",\"description\":\"\u00a1Muebles dise\u00f1ados para cada espacio de tu hogar!\",\"publisher\":{\"@id\":\"https:\/\/disenistico.com\/#organization\"},\"alternateName\":\"Dise\u00f1\u00edstico\",\"potentialAction\":[{\"@type\":\"SearchAction\",\"target\":{\"@type\":\"EntryPoint\",\"urlTemplate\":\"https:\/\/disenistico.com\/?s={search_term_string}\"},\"query-input\":{\"@type\":\"PropertyValueSpecification\",\"valueRequired\":true,\"valueName\":\"search_term_string\"}}],\"inLanguage\":\"en-US\"},{\"@type\":\"Organization\",\"@id\":\"https:\/\/disenistico.com\/#organization\",\"name\":\"Dise\u00f1\u00edstico\",\"alternateName\":\"Dise\u00f1\u00edstico\",\"url\":\"https:\/\/disenistico.com\/\",\"logo\":{\"@type\":\"ImageObject\",\"inLanguage\":\"en-US\",\"@id\":\"https:\/\/disenistico.com\/#\/schema\/logo\/image\/\",\"url\":\"https:\/\/disenistico.com\/wp-content\/uploads\/disenistico.jpeg\",\"contentUrl\":\"https:\/\/disenistico.com\/wp-content\/uploads\/disenistico.jpeg\",\"width\":1600,\"height\":835,\"caption\":\"Dise\u00f1\u00edstico\"},\"image\":{\"@id\":\"https:\/\/disenistico.com\/#\/schema\/logo\/image\/\"},\"sameAs\":[\"https:\/\/www.facebook.com\/disenistico.cr\",\"https:\/\/www.instagram.com\/disenistico.cr\/\",\"https:\/\/www.tiktok.com\/@disenistico.cr\",\"https:\/\/www.linkedin.com\/in\/sofa-alpzar-baltodano-475488168\/\",\"https:\/\/www.youtube.com\/@disenistico5457\"]}]}<\/script>\n<!-- \/ Yoast SEO plugin. -->","yoast_head_json":{"title":"Pol\u00edticas de Privacidad - Dise\u00f1\u00edstico","robots":{"index":"index","follow":"follow","max-snippet":"max-snippet:-1","max-image-preview":"max-image-preview:large","max-video-preview":"max-video-preview:-1"},"canonical":"https:\/\/disenistico.com\/en\/politicas-de-privacidad\/","og_locale":"en_US","og_type":"article","og_title":"Pol\u00edticas de Privacidad - Dise\u00f1\u00edstico","og_url":"https:\/\/disenistico.com\/en\/politicas-de-privacidad\/","og_site_name":"Dise\u00f1\u00edstico","article_publisher":"https:\/\/www.facebook.com\/disenistico.cr","article_modified_time":"2024-06-09T17:36:55+00:00","og_image":[{"width":1600,"height":835,"url":"https:\/\/disenistico.com\/wp-content\/uploads\/disenistico.jpeg","type":"image\/jpeg"}],"twitter_card":"summary_large_image","schema":{"@context":"https:\/\/schema.org","@graph":[{"@type":"WebPage","@id":"https:\/\/disenistico.com\/politicas-de-privacidad\/","url":"https:\/\/disenistico.com\/politicas-de-privacidad\/","name":"Pol\u00edticas de Privacidad - Dise\u00f1\u00edstico","isPartOf":{"@id":"https:\/\/disenistico.com\/#website"},"datePublished":"2024-06-09T17:36:53+00:00","dateModified":"2024-06-09T17:36:55+00:00","breadcrumb":{"@id":"https:\/\/disenistico.com\/politicas-de-privacidad\/#breadcrumb"},"inLanguage":"en-US","potentialAction":[{"@type":"ReadAction","target":["https:\/\/disenistico.com\/politicas-de-privacidad\/"]}]},{"@type":"BreadcrumbList","@id":"https:\/\/disenistico.com\/politicas-de-privacidad\/#breadcrumb","itemListElement":[{"@type":"ListItem","position":1,"name":"Portada","item":"https:\/\/disenistico.com\/"},{"@type":"ListItem","position":2,"name":"Pol\u00edticas de Privacidad"}]},{"@type":"WebSite","@id":"https:\/\/disenistico.com\/#website","url":"https:\/\/disenistico.com\/","name":"Dise\u00f1\u00edstico","description":"\u00a1Muebles dise\u00f1ados para cada espacio de tu hogar!","publisher":{"@id":"https:\/\/disenistico.com\/#organization"},"alternateName":"Dise\u00f1\u00edstico","potentialAction":[{"@type":"SearchAction","target":{"@type":"EntryPoint","urlTemplate":"https:\/\/disenistico.com\/?s={search_term_string}"},"query-input":{"@type":"PropertyValueSpecification","valueRequired":true,"valueName":"search_term_string"}}],"inLanguage":"en-US"},{"@type":"Organization","@id":"https:\/\/disenistico.com\/#organization","name":"Dise\u00f1\u00edstico","alternateName":"Dise\u00f1\u00edstico","url":"https:\/\/disenistico.com\/","logo":{"@type":"ImageObject","inLanguage":"en-US","@id":"https:\/\/disenistico.com\/#\/schema\/logo\/image\/","url":"https:\/\/disenistico.com\/wp-content\/uploads\/disenistico.jpeg","contentUrl":"https:\/\/disenistico.com\/wp-content\/uploads\/disenistico.jpeg","width":1600,"height":835,"caption":"Dise\u00f1\u00edstico"},"image":{"@id":"https:\/\/disenistico.com\/#\/schema\/logo\/image\/"},"sameAs":["https:\/\/www.facebook.com\/disenistico.cr","https:\/\/www.instagram.com\/disenistico.cr\/","https:\/\/www.tiktok.com\/@disenistico.cr","https:\/\/www.linkedin.com\/in\/sofa-alpzar-baltodano-475488168\/","https:\/\/www.youtube.com\/@disenistico5457"]}]}},"jetpack_sharing_enabled":true,"_links":{"self":[{"href":"https:\/\/disenistico.com\/en\/wp-json\/wp\/v2\/pages\/1386","targetHints":{"allow":["GET"]}}],"collection":[{"href":"https:\/\/disenistico.com\/en\/wp-json\/wp\/v2\/pages"}],"about":[{"href":"https:\/\/disenistico.com\/en\/wp-json\/wp\/v2\/types\/page"}],"author":[{"embeddable":true,"href":"https:\/\/disenistico.com\/en\/wp-json\/wp\/v2\/users\/3"}],"replies":[{"embeddable":true,"href":"https:\/\/disenistico.com\/en\/wp-json\/wp\/v2\/comments?post=1386"}],"version-history":[{"count":1,"href":"https:\/\/disenistico.com\/en\/wp-json\/wp\/v2\/pages\/1386\/revisions"}],"predecessor-version":[{"id":1387,"href":"https:\/\/disenistico.com\/en\/wp-json\/wp\/v2\/pages\/1386\/revisions\/1387"}],"wp:attachment":[{"href":"https:\/\/disenistico.com\/en\/wp-json\/wp\/v2\/media?parent=1386"}],"curies":[{"name":"wp","href":"https:\/\/api.w.org\/{rel}","templated":true}]}}